{"id":6852,"date":"2026-03-21T15:42:34","date_gmt":"2026-03-21T15:42:34","guid":{"rendered":"https:\/\/expovero.com\/?post_type=product&#038;p=6852"},"modified":"2026-04-08T17:04:24","modified_gmt":"2026-04-08T17:04:24","slug":"premium-canape-variation-zunftig","status":"publish","type":"product","link":"https:\/\/expovero.com\/en\/product\/premium-canape-variation-zunftig\/","title":{"rendered":"Premium Canape Variation Z\u00fcnftig"},"content":{"rendered":"<ul>\n<li>10 Graved Lachs mit Honig Senf Und Gurken<\/li>\n<li>10 Tegernseer Bergk\u00e4se, Honig Senf, Gurke<\/li>\n<li>10 Schweinefilet Mit Apfelscheiben Auf Crostini<\/li>\n<li>10 Wei\u00dfwurst Auf S\u00fc\u00dfem Senf, Schnittlauch, Rote Zwiebel<\/li>\n<li>10 Forellencreme Mit Gurkencarpaccio<\/li>\n<li>10 Leberk\u00e4se Auf Honigsenf, Essiggurke, R\u00f6stzwiebeln<br \/>\nGesamt 60<\/li>\n<\/ul>","protected":false},"excerpt":{"rendered":"<p>10 Graved Lachs mit Honig Senf Und Gurken 10 Tegernseer Bergk\u00e4se, Honig Senf, Gurke 10 Schweinefilet Mit Apfelscheiben Auf Crostini 10 Wei\u00dfwurst Auf S\u00fc\u00dfem Senf, Schnittlauch, Rote Zwiebel 10 Forellencreme Mit Gurkencarpaccio 10 Leberk\u00e4se Auf Honigsenf, Essiggurke, R\u00f6stzwiebeln Gesamt 60<\/p>","protected":false},"featured_media":6853,"template":"","meta":{"content-type":""},"product_brand":[],"product_cat":[50,119,106,49],"product_tag":[],"class_list":{"0":"post-6852","1":"product","2":"type-product","3":"status-publish","4":"has-post-thumbnail","6":"product_cat-fingerfood-canapes","7":"product_cat-premium-canapes-variationen-fingerfood-canapes","8":"product_cat-premium-canapes-variationen","9":"product_cat-standcatering","11":"first","12":"instock","13":"taxable","14":"shipping-taxable","15":"purchasable","16":"product-type-simple"},"_links":{"self":[{"href":"https:\/\/expovero.com\/en\/wp-json\/wp\/v2\/product\/6852","targetHints":{"allow":["GET"]}}],"collection":[{"href":"https:\/\/expovero.com\/en\/wp-json\/wp\/v2\/product"}],"about":[{"href":"https:\/\/expovero.com\/en\/wp-json\/wp\/v2\/types\/product"}],"wp:featuredmedia":[{"embeddable":true,"href":"https:\/\/expovero.com\/en\/wp-json\/wp\/v2\/media\/6853"}],"wp:attachment":[{"href":"https:\/\/expovero.com\/en\/wp-json\/wp\/v2\/media?parent=6852"}],"wp:term":[{"taxonomy":"product_brand","embeddable":true,"href":"https:\/\/expovero.com\/en\/wp-json\/wp\/v2\/product_brand?post=6852"},{"taxonomy":"product_cat","embeddable":true,"href":"https:\/\/expovero.com\/en\/wp-json\/wp\/v2\/product_cat?post=6852"},{"taxonomy":"product_tag","embeddable":true,"href":"https:\/\/expovero.com\/en\/wp-json\/wp\/v2\/product_tag?post=6852"}],"curies":[{"name":"wp","href":"https:\/\/api.w.org\/{rel}","templated":true}]}}