{"id":6850,"date":"2026-03-21T15:41:44","date_gmt":"2026-03-21T15:41:44","guid":{"rendered":"https:\/\/expovero.com\/?post_type=product&#038;p=6850"},"modified":"2026-04-08T17:04:17","modified_gmt":"2026-04-08T17:04:17","slug":"premium-canape-variation-vegetarisch","status":"publish","type":"product","link":"https:\/\/expovero.com\/en\/product\/premium-canape-variation-vegetarisch\/","title":{"rendered":"Premium Canape Variation Vegetarisch"},"content":{"rendered":"<ul>\n<li>10 Brie, Birne, Pfeffer und Rosmarin<\/li>\n<li>10 Edelpilzk\u00e4se mit Weintrauben<\/li>\n<li>10 Ziegenk\u00e4se mit Honig und R\u00f6stkernen<\/li>\n<li>10 Olivenfrischk\u00e4secreme<\/li>\n<li>10 Avocado , Frischk\u00e4se und s\u00fc\u00dfe Chili<\/li>\n<li>10 Frischk\u00e4se, Radieschen und Schnittlauch<\/li>\n<li>10 Tomaten, Mozzarella und Kr\u00e4uterpesto<\/li>\n<li>10 Tegernseer Bergk\u00e4se, Honig, Senf und G\u00fcrkchen<\/li>\n<li>10 Antipasti Gem\u00fcse mit Hummus<br \/>\nGesamt 90<\/li>\n<\/ul>","protected":false},"excerpt":{"rendered":"<p>10 Brie, Birne, Pfeffer und Rosmarin 10 Edelpilzk\u00e4se mit Weintrauben 10 Ziegenk\u00e4se mit Honig und R\u00f6stkernen 10 Olivenfrischk\u00e4secreme 10 Avocado , Frischk\u00e4se und s\u00fc\u00dfe Chili 10 Frischk\u00e4se, Radieschen und Schnittlauch 10 Tomaten, Mozzarella und Kr\u00e4uterpesto 10 Tegernseer Bergk\u00e4se, Honig, Senf und G\u00fcrkchen 10 Antipasti Gem\u00fcse mit Hummus Gesamt 90<\/p>","protected":false},"featured_media":6851,"template":"","meta":{"content-type":""},"product_brand":[],"product_cat":[50,106,119,49],"product_tag":[],"class_list":{"0":"post-6850","1":"product","2":"type-product","3":"status-publish","4":"has-post-thumbnail","6":"product_cat-fingerfood-canapes","7":"product_cat-premium-canapes-variationen","8":"product_cat-premium-canapes-variationen-fingerfood-canapes","9":"product_cat-standcatering","11":"first","12":"instock","13":"taxable","14":"shipping-taxable","15":"purchasable","16":"product-type-simple"},"_links":{"self":[{"href":"https:\/\/expovero.com\/en\/wp-json\/wp\/v2\/product\/6850","targetHints":{"allow":["GET"]}}],"collection":[{"href":"https:\/\/expovero.com\/en\/wp-json\/wp\/v2\/product"}],"about":[{"href":"https:\/\/expovero.com\/en\/wp-json\/wp\/v2\/types\/product"}],"wp:featuredmedia":[{"embeddable":true,"href":"https:\/\/expovero.com\/en\/wp-json\/wp\/v2\/media\/6851"}],"wp:attachment":[{"href":"https:\/\/expovero.com\/en\/wp-json\/wp\/v2\/media?parent=6850"}],"wp:term":[{"taxonomy":"product_brand","embeddable":true,"href":"https:\/\/expovero.com\/en\/wp-json\/wp\/v2\/product_brand?post=6850"},{"taxonomy":"product_cat","embeddable":true,"href":"https:\/\/expovero.com\/en\/wp-json\/wp\/v2\/product_cat?post=6850"},{"taxonomy":"product_tag","embeddable":true,"href":"https:\/\/expovero.com\/en\/wp-json\/wp\/v2\/product_tag?post=6850"}],"curies":[{"name":"wp","href":"https:\/\/api.w.org\/{rel}","templated":true}]}}