{"id":6848,"date":"2026-03-21T15:41:03","date_gmt":"2026-03-21T15:41:03","guid":{"rendered":"https:\/\/expovero.com\/?post_type=product&#038;p=6848"},"modified":"2026-04-08T17:04:09","modified_gmt":"2026-04-08T17:04:09","slug":"premium-canape-variation-2","status":"publish","type":"product","link":"https:\/\/expovero.com\/en\/product\/premium-canape-variation-2\/","title":{"rendered":"Premium Canape Variation 2"},"content":{"rendered":"<ul>\n<li>10 Lachs auf Frischk\u00e4se, Orangenzeste und Dill<\/li>\n<li>10 Marinierte Garnelen auf Guacamole<\/li>\n<li>10 Chorizo auf Senfcreme, Avocado und Schnittlauch<\/li>\n<li>10 Knochenschinken, Humus, Radieschen und Schnittlauch<\/li>\n<li>10 Gebratenes H\u00e4hnchenbrustfilet auf Aviar<\/li>\n<li>10 Serrano auf Pestocreme, Tomaten und Mozzarella<\/li>\n<li>10 Edelpilzk\u00e4se mit Weintrauben<\/li>\n<li>10 Ziegenk\u00e4se mit Honig und R\u00f6stkernen<\/li>\n<li>10 Olivenfrischk\u00e4secreme<\/li>\n<li>10 Avocado , Frischk\u00e4se und s\u00fc\u00dfe Chili<br \/>\nGesamt 100<\/li>\n<\/ul>","protected":false},"excerpt":{"rendered":"<p>10 Lachs auf Frischk\u00e4se, Orangenzeste und Dill 10 Marinierte Garnelen auf Guacamole 10 Chorizo auf Senfcreme, Avocado und Schnittlauch 10 Knochenschinken, Humus, Radieschen und Schnittlauch 10 Gebratenes H\u00e4hnchenbrustfilet auf Aviar 10 Serrano auf Pestocreme, Tomaten und Mozzarella 10 Edelpilzk\u00e4se mit Weintrauben 10 Ziegenk\u00e4se mit Honig und R\u00f6stkernen 10 Olivenfrischk\u00e4secreme 10 Avocado , Frischk\u00e4se und s\u00fc\u00dfe [&hellip;]<\/p>\n","protected":false},"featured_media":6849,"template":"","meta":{"content-type":""},"product_brand":[],"product_cat":[50,119,106,49],"product_tag":[],"class_list":{"0":"post-6848","1":"product","2":"type-product","3":"status-publish","4":"has-post-thumbnail","6":"product_cat-fingerfood-canapes","7":"product_cat-premium-canapes-variationen-fingerfood-canapes","8":"product_cat-premium-canapes-variationen","9":"product_cat-standcatering","11":"first","12":"instock","13":"taxable","14":"shipping-taxable","15":"purchasable","16":"product-type-simple"},"_links":{"self":[{"href":"https:\/\/expovero.com\/en\/wp-json\/wp\/v2\/product\/6848","targetHints":{"allow":["GET"]}}],"collection":[{"href":"https:\/\/expovero.com\/en\/wp-json\/wp\/v2\/product"}],"about":[{"href":"https:\/\/expovero.com\/en\/wp-json\/wp\/v2\/types\/product"}],"wp:featuredmedia":[{"embeddable":true,"href":"https:\/\/expovero.com\/en\/wp-json\/wp\/v2\/media\/6849"}],"wp:attachment":[{"href":"https:\/\/expovero.com\/en\/wp-json\/wp\/v2\/media?parent=6848"}],"wp:term":[{"taxonomy":"product_brand","embeddable":true,"href":"https:\/\/expovero.com\/en\/wp-json\/wp\/v2\/product_brand?post=6848"},{"taxonomy":"product_cat","embeddable":true,"href":"https:\/\/expovero.com\/en\/wp-json\/wp\/v2\/product_cat?post=6848"},{"taxonomy":"product_tag","embeddable":true,"href":"https:\/\/expovero.com\/en\/wp-json\/wp\/v2\/product_tag?post=6848"}],"curies":[{"name":"wp","href":"https:\/\/api.w.org\/{rel}","templated":true}]}}