{"id":6846,"date":"2026-03-21T15:40:21","date_gmt":"2026-03-21T15:40:21","guid":{"rendered":"https:\/\/expovero.com\/?post_type=product&#038;p=6846"},"modified":"2026-04-08T17:04:00","modified_gmt":"2026-04-08T17:04:00","slug":"premium-canape-variation-1","status":"publish","type":"product","link":"https:\/\/expovero.com\/en\/product\/premium-canape-variation-1\/","title":{"rendered":"Premium Canape Variation 1"},"content":{"rendered":"<ul>\n<li>10 R\u00e4ucherlachs auf Zitronen Cremefraiche<\/li>\n<li>10 Brie, Birne, Pfeffer und Rosmarin<\/li>\n<li>10 Tomaten, Mozzarella und Kr\u00e4uterpesto<\/li>\n<li>10 Antipasti Gem\u00fcse mit Hummus<\/li>\n<li>10 Mail\u00e4nder Salami auf Senfcreme mit Cornichon<\/li>\n<li>10 Rosmarinschinken auf Avocadocreme<\/li>\n<li>10 Roastbeef mit Tr\u00fcffelcreme, Rucola und Parmesan<\/li>\n<li>10 Leberk\u00e4se auf Honigsenf, Cornichon und R\u00f6stzwiebeln<\/li>\n<li>10 Landschinken auf Honigmelone mit Pumpernickel<\/li>\n<li>10 Schweinefilet mit Apfelscheiben und Crostini.<\/li>\n<\/ul>\n<p>Gesamt 100<\/p>","protected":false},"excerpt":{"rendered":"<p>10 R\u00e4ucherlachs auf Zitronen Cremefraiche 10 Brie, Birne, Pfeffer und Rosmarin 10 Tomaten, Mozzarella und Kr\u00e4uterpesto 10 Antipasti Gem\u00fcse mit Hummus 10 Mail\u00e4nder Salami auf Senfcreme mit Cornichon 10 Rosmarinschinken auf Avocadocreme 10 Roastbeef mit Tr\u00fcffelcreme, Rucola und Parmesan 10 Leberk\u00e4se auf Honigsenf, Cornichon und R\u00f6stzwiebeln 10 Landschinken auf Honigmelone mit Pumpernickel 10 Schweinefilet mit [&hellip;]<\/p>\n","protected":false},"featured_media":6847,"template":"","meta":{"content-type":""},"product_brand":[],"product_cat":[50,106,119,49],"product_tag":[],"class_list":{"0":"post-6846","1":"product","2":"type-product","3":"status-publish","4":"has-post-thumbnail","6":"product_cat-fingerfood-canapes","7":"product_cat-premium-canapes-variationen","8":"product_cat-premium-canapes-variationen-fingerfood-canapes","9":"product_cat-standcatering","11":"first","12":"instock","13":"taxable","14":"shipping-taxable","15":"purchasable","16":"product-type-simple"},"_links":{"self":[{"href":"https:\/\/expovero.com\/en\/wp-json\/wp\/v2\/product\/6846","targetHints":{"allow":["GET"]}}],"collection":[{"href":"https:\/\/expovero.com\/en\/wp-json\/wp\/v2\/product"}],"about":[{"href":"https:\/\/expovero.com\/en\/wp-json\/wp\/v2\/types\/product"}],"wp:featuredmedia":[{"embeddable":true,"href":"https:\/\/expovero.com\/en\/wp-json\/wp\/v2\/media\/6847"}],"wp:attachment":[{"href":"https:\/\/expovero.com\/en\/wp-json\/wp\/v2\/media?parent=6846"}],"wp:term":[{"taxonomy":"product_brand","embeddable":true,"href":"https:\/\/expovero.com\/en\/wp-json\/wp\/v2\/product_brand?post=6846"},{"taxonomy":"product_cat","embeddable":true,"href":"https:\/\/expovero.com\/en\/wp-json\/wp\/v2\/product_cat?post=6846"},{"taxonomy":"product_tag","embeddable":true,"href":"https:\/\/expovero.com\/en\/wp-json\/wp\/v2\/product_tag?post=6846"}],"curies":[{"name":"wp","href":"https:\/\/api.w.org\/{rel}","templated":true}]}}