{"id":6836,"date":"2026-03-21T15:34:08","date_gmt":"2026-03-21T15:34:08","guid":{"rendered":"https:\/\/expovero.com\/?post_type=product&#038;p=6836"},"modified":"2026-04-08T17:01:08","modified_gmt":"2026-04-08T17:01:08","slug":"canapes-mix-medium","status":"publish","type":"product","link":"https:\/\/expovero.com\/en\/product\/canapes-mix-medium\/","title":{"rendered":"Canapes Mix \u2013 Medium"},"content":{"rendered":"<p>150 St\u00fcck<\/p>\n<p>diverse gemischte Canapes mit Schinken, K\u00e4se, Salami, Pute, Streichk\u00e4se, Serrano und weiteren Sorten.<\/p>\n<p>Perfekt f\u00fcr eine Standparty!<\/p>","protected":false},"excerpt":{"rendered":"<p>150 St\u00fcck diverse gemischte Canapes mit Schinken, K\u00e4se, Salami, Pute, Streichk\u00e4se, Serrano und weiteren Sorten. Perfekt f\u00fcr eine Standparty!<\/p>","protected":false},"featured_media":6837,"template":"","meta":{"content-type":""},"product_brand":[],"product_cat":[117,104,50,49],"product_tag":[],"class_list":{"0":"post-6836","1":"product","2":"type-product","3":"status-publish","4":"has-post-thumbnail","6":"product_cat-canapes-classic-variationen-fingerfood-canapes","7":"product_cat-canapes-classic-variationen","8":"product_cat-fingerfood-canapes","9":"product_cat-standcatering","11":"first","12":"instock","13":"taxable","14":"shipping-taxable","15":"purchasable","16":"product-type-simple"},"_links":{"self":[{"href":"https:\/\/expovero.com\/en\/wp-json\/wp\/v2\/product\/6836","targetHints":{"allow":["GET"]}}],"collection":[{"href":"https:\/\/expovero.com\/en\/wp-json\/wp\/v2\/product"}],"about":[{"href":"https:\/\/expovero.com\/en\/wp-json\/wp\/v2\/types\/product"}],"wp:featuredmedia":[{"embeddable":true,"href":"https:\/\/expovero.com\/en\/wp-json\/wp\/v2\/media\/6837"}],"wp:attachment":[{"href":"https:\/\/expovero.com\/en\/wp-json\/wp\/v2\/media?parent=6836"}],"wp:term":[{"taxonomy":"product_brand","embeddable":true,"href":"https:\/\/expovero.com\/en\/wp-json\/wp\/v2\/product_brand?post=6836"},{"taxonomy":"product_cat","embeddable":true,"href":"https:\/\/expovero.com\/en\/wp-json\/wp\/v2\/product_cat?post=6836"},{"taxonomy":"product_tag","embeddable":true,"href":"https:\/\/expovero.com\/en\/wp-json\/wp\/v2\/product_tag?post=6836"}],"curies":[{"name":"wp","href":"https:\/\/api.w.org\/{rel}","templated":true}]}}