{"id":6667,"date":"2026-03-19T21:59:56","date_gmt":"2026-03-19T21:59:56","guid":{"rendered":"https:\/\/expovero.com\/?post_type=product&#038;p=6667"},"modified":"2026-03-19T21:59:56","modified_gmt":"2026-03-19T21:59:56","slug":"softeismaschine-2","status":"publish","type":"product","link":"https:\/\/expovero.com\/en\/product\/softeismaschine-2\/","title":{"rendered":"Softeismaschine"},"content":{"rendered":"<ul>\n<li>Betriebstemperatur: \u00a05-32 \u00b0C<\/li>\n<li>Eiscreme-Produktionseffizienz : \u00a010 L \/ 2,7 Gallonen pro Stunde<\/li>\n<li>Kapazit\u00e4t des Zutatenbeh\u00e4lters: 4 L<\/li>\n<li>Zylinderkapazit\u00e4t: \u00a01,6 L<\/li>\n<li>Ger\u00e4uschpegel \u2264 66 dB<\/li>\n<li>Trichtermaterial: Edelstahl<\/li>\n<li>Nettogewicht: 45 kg<\/li>\n<li>1,9 KW<\/li>\n<\/ul>","protected":false},"excerpt":{"rendered":"<p>Betriebstemperatur: \u00a05-32 \u00b0C Eiscreme-Produktionseffizienz : \u00a010 L \/ 2,7 Gallonen pro Stunde Kapazit\u00e4t des Zutatenbeh\u00e4lters: 4 L Zylinderkapazit\u00e4t: \u00a01,6 L Ger\u00e4uschpegel \u2264 66 dB Trichtermaterial: Edelstahl Nettogewicht: 45 kg 1,9 KW<\/p>","protected":false},"featured_media":6668,"template":"","meta":{"content-type":""},"product_brand":[],"product_cat":[134,52],"product_tag":[],"class_list":{"0":"post-6667","1":"product","2":"type-product","3":"status-publish","4":"has-post-thumbnail","6":"product_cat-elektrogerate","7":"product_cat-equipment","9":"first","10":"instock","11":"taxable","12":"shipping-taxable","13":"purchasable","14":"product-type-simple"},"_links":{"self":[{"href":"https:\/\/expovero.com\/en\/wp-json\/wp\/v2\/product\/6667","targetHints":{"allow":["GET"]}}],"collection":[{"href":"https:\/\/expovero.com\/en\/wp-json\/wp\/v2\/product"}],"about":[{"href":"https:\/\/expovero.com\/en\/wp-json\/wp\/v2\/types\/product"}],"wp:featuredmedia":[{"embeddable":true,"href":"https:\/\/expovero.com\/en\/wp-json\/wp\/v2\/media\/6668"}],"wp:attachment":[{"href":"https:\/\/expovero.com\/en\/wp-json\/wp\/v2\/media?parent=6667"}],"wp:term":[{"taxonomy":"product_brand","embeddable":true,"href":"https:\/\/expovero.com\/en\/wp-json\/wp\/v2\/product_brand?post=6667"},{"taxonomy":"product_cat","embeddable":true,"href":"https:\/\/expovero.com\/en\/wp-json\/wp\/v2\/product_cat?post=6667"},{"taxonomy":"product_tag","embeddable":true,"href":"https:\/\/expovero.com\/en\/wp-json\/wp\/v2\/product_tag?post=6667"}],"curies":[{"name":"wp","href":"https:\/\/api.w.org\/{rel}","templated":true}]}}