{"id":6598,"date":"2026-03-19T21:10:29","date_gmt":"2026-03-19T21:10:29","guid":{"rendered":"https:\/\/expovero.com\/?post_type=product&#038;p=6598"},"modified":"2026-03-19T21:10:29","modified_gmt":"2026-03-19T21:10:29","slug":"eiswurfelbereiter-76-kg-24-std","status":"publish","type":"product","link":"https:\/\/expovero.com\/en\/product\/eiswurfelbereiter-76-kg-24-std\/","title":{"rendered":"Eisw\u00fcrfelbereiter 76 kg \/ 24 Std"},"content":{"rendered":"<p>Eisw\u00fcrfelmaschine<br \/>\nEisw\u00fcrfelform: Vollw\u00fcrfel \u00e0 12 g oder Halbw\u00fcrfel \u00e0 6 g<br \/>\nEisproduktion: 76 kg\/ 24h<br \/>\nBeh\u00e4lterkapazit\u00e4t 20 kg<br \/>\nEin \/ Aus Schalter<br \/>\nGeringer Energieverbrauch<br \/>\nK\u00fchlmittel: R290<\/p>\n<p>Leistung: 358 Watt<br \/>\nElektrischer Anschluss: 230V \/ 1N\/PE \/ 50 Hz<br \/>\nWasserabfluss und Anschluss wird ben\u00f6tigt<\/p>\n<p>Au\u00dfenma\u00df: B x T x H: 535 mm x 595 mm x 789 mm<\/p>","protected":false},"excerpt":{"rendered":"<p>Eisw\u00fcrfelmaschine Eisw\u00fcrfelform: Vollw\u00fcrfel \u00e0 12 g oder Halbw\u00fcrfel \u00e0 6 g Eisproduktion: 76 kg\/ 24h Beh\u00e4lterkapazit\u00e4t 20 kg Ein \/ Aus Schalter Geringer Energieverbrauch K\u00fchlmittel: R290 Leistung: 358 Watt Elektrischer Anschluss: 230V \/ 1N\/PE \/ 50 Hz Wasserabfluss und Anschluss wird ben\u00f6tigt Au\u00dfenma\u00df: B x T x H: 535 mm x 595 mm x 789 [&hellip;]<\/p>\n","protected":false},"featured_media":6599,"template":"","meta":{"content-type":""},"product_brand":[],"product_cat":[52,135],"product_tag":[],"class_list":{"0":"post-6598","1":"product","2":"type-product","3":"status-publish","4":"has-post-thumbnail","6":"product_cat-equipment","7":"product_cat-kuhl-und-tiefkuhlmobel","9":"first","10":"instock","11":"taxable","12":"shipping-taxable","13":"purchasable","14":"product-type-simple"},"_links":{"self":[{"href":"https:\/\/expovero.com\/en\/wp-json\/wp\/v2\/product\/6598","targetHints":{"allow":["GET"]}}],"collection":[{"href":"https:\/\/expovero.com\/en\/wp-json\/wp\/v2\/product"}],"about":[{"href":"https:\/\/expovero.com\/en\/wp-json\/wp\/v2\/types\/product"}],"wp:featuredmedia":[{"embeddable":true,"href":"https:\/\/expovero.com\/en\/wp-json\/wp\/v2\/media\/6599"}],"wp:attachment":[{"href":"https:\/\/expovero.com\/en\/wp-json\/wp\/v2\/media?parent=6598"}],"wp:term":[{"taxonomy":"product_brand","embeddable":true,"href":"https:\/\/expovero.com\/en\/wp-json\/wp\/v2\/product_brand?post=6598"},{"taxonomy":"product_cat","embeddable":true,"href":"https:\/\/expovero.com\/en\/wp-json\/wp\/v2\/product_cat?post=6598"},{"taxonomy":"product_tag","embeddable":true,"href":"https:\/\/expovero.com\/en\/wp-json\/wp\/v2\/product_tag?post=6598"}],"curies":[{"name":"wp","href":"https:\/\/api.w.org\/{rel}","templated":true}]}}