{"id":6593,"date":"2026-03-19T21:07:27","date_gmt":"2026-03-19T21:07:27","guid":{"rendered":"https:\/\/expovero.com\/?post_type=product&#038;p=6593"},"modified":"2026-04-05T10:07:11","modified_gmt":"2026-04-05T10:07:11","slug":"zapfanlage-untertischgerat-keg-1-leitung","status":"publish","type":"product","link":"https:\/\/expovero.com\/en\/product\/zapfanlage-untertischgerat-keg-1-leitung\/","title":{"rendered":"Zapfanlage \u2013 Untertischger\u00e4t, KEG, 1 Leitung"},"content":{"rendered":"<p>Untertischger\u00e4t<\/p>\n<ul>\n<li>1 Zapfhahn<br \/>\nZusammengebaut inklusive KEG-Kopf<br \/>\nTropfschaleMa\u00dfe:<\/li>\n<li>Zapfhahn L 31 cm x B 13,5 cm<br \/>\nK\u00fchler L 44 cm x H 27 cm x B 40 cm<br \/>\nLoch B 9cm<\/li>\n<li>\u2013 mit begleitender K\u00fchlung<\/li>\n<li>\u2013 1\/8 PS<\/li>\n<li>\u2013 230V, 50Hz, 292Watt<\/li>\n<li>\u2013 Wassertank: 11 Liter<\/li>\n<\/ul>\n<p>F\u00fcr dieses Produkt bitte Hauptdruckminderer und Co2 Flasche mitbestellen<\/p>","protected":false},"excerpt":{"rendered":"<p>Untertischger\u00e4t 1 Zapfhahn Zusammengebaut inklusive KEG-Kopf TropfschaleMa\u00dfe: Zapfhahn L 31 cm x B 13,5 cm K\u00fchler L 44 cm x H 27 cm x B 40 cm Loch B 9cm \u2013 mit begleitender K\u00fchlung \u2013 1\/8 PS \u2013 230V, 50Hz, 292Watt \u2013 Wassertank: 11 Liter F\u00fcr dieses Produkt bitte Hauptdruckminderer und Co2 Flasche mitbestellen<\/p>","protected":false},"featured_media":9947,"template":"","meta":{"content-type":""},"product_brand":[],"product_cat":[52,133],"product_tag":[],"class_list":{"0":"post-6593","1":"product","2":"type-product","3":"status-publish","4":"has-post-thumbnail","6":"product_cat-equipment","7":"product_cat-zapfanlagen-wasserspender","9":"first","10":"instock","11":"taxable","12":"shipping-taxable","13":"purchasable","14":"product-type-simple"},"_links":{"self":[{"href":"https:\/\/expovero.com\/en\/wp-json\/wp\/v2\/product\/6593","targetHints":{"allow":["GET"]}}],"collection":[{"href":"https:\/\/expovero.com\/en\/wp-json\/wp\/v2\/product"}],"about":[{"href":"https:\/\/expovero.com\/en\/wp-json\/wp\/v2\/types\/product"}],"wp:featuredmedia":[{"embeddable":true,"href":"https:\/\/expovero.com\/en\/wp-json\/wp\/v2\/media\/9947"}],"wp:attachment":[{"href":"https:\/\/expovero.com\/en\/wp-json\/wp\/v2\/media?parent=6593"}],"wp:term":[{"taxonomy":"product_brand","embeddable":true,"href":"https:\/\/expovero.com\/en\/wp-json\/wp\/v2\/product_brand?post=6593"},{"taxonomy":"product_cat","embeddable":true,"href":"https:\/\/expovero.com\/en\/wp-json\/wp\/v2\/product_cat?post=6593"},{"taxonomy":"product_tag","embeddable":true,"href":"https:\/\/expovero.com\/en\/wp-json\/wp\/v2\/product_tag?post=6593"}],"curies":[{"name":"wp","href":"https:\/\/api.w.org\/{rel}","templated":true}]}}