{"id":6592,"date":"2026-03-19T21:06:36","date_gmt":"2026-03-19T21:06:36","guid":{"rendered":"https:\/\/expovero.com\/?post_type=product&#038;p=6592"},"modified":"2026-04-05T10:07:27","modified_gmt":"2026-04-05T10:07:27","slug":"zapfanlage-auftischgerat-keg-2-leitungen","status":"publish","type":"product","link":"https:\/\/expovero.com\/en\/product\/zapfanlage-auftischgerat-keg-2-leitungen\/","title":{"rendered":"Zapfanlage \u2013 Auftischger\u00e4t, KEG, 2 Leitungen"},"content":{"rendered":"<p>Ger\u00e4t zum Aufstellen auf dem Tisch<\/p>\n<ul>\n<li>2 Zapfh\u00e4hne<br \/>\nZusammengebaut inklusive KEG-Kopf<br \/>\nTropfschaleMa\u00dfe:<br \/>\nB\/T\/H 17cm \/28 cm \/32,5 cm<\/li>\n<li>\u2013 mit begleitender K\u00fchlung<\/li>\n<li>\u2013 1\/8 PS<\/li>\n<li>\u2013 230V, 50Hz, 229 Watt<\/li>\n<li>\u2013 Wassertank: 11 Liter<\/li>\n<\/ul>\n<p>F\u00fcr dieses Produkt bitte Hauptdruckminderer und Co2 Flasche mitbestellen<\/p>","protected":false},"excerpt":{"rendered":"<p>Ger\u00e4t zum Aufstellen auf dem Tisch 2 Zapfh\u00e4hne Zusammengebaut inklusive KEG-Kopf TropfschaleMa\u00dfe: B\/T\/H 17cm \/28 cm \/32,5 cm \u2013 mit begleitender K\u00fchlung \u2013 1\/8 PS \u2013 230V, 50Hz, 229 Watt \u2013 Wassertank: 11 Liter F\u00fcr dieses Produkt bitte Hauptdruckminderer und Co2 Flasche mitbestellen<\/p>","protected":false},"featured_media":9947,"template":"","meta":{"content-type":""},"product_brand":[],"product_cat":[52,133],"product_tag":[],"class_list":{"0":"post-6592","1":"product","2":"type-product","3":"status-publish","4":"has-post-thumbnail","6":"product_cat-equipment","7":"product_cat-zapfanlagen-wasserspender","9":"first","10":"instock","11":"taxable","12":"shipping-taxable","13":"purchasable","14":"product-type-simple"},"_links":{"self":[{"href":"https:\/\/expovero.com\/en\/wp-json\/wp\/v2\/product\/6592","targetHints":{"allow":["GET"]}}],"collection":[{"href":"https:\/\/expovero.com\/en\/wp-json\/wp\/v2\/product"}],"about":[{"href":"https:\/\/expovero.com\/en\/wp-json\/wp\/v2\/types\/product"}],"wp:featuredmedia":[{"embeddable":true,"href":"https:\/\/expovero.com\/en\/wp-json\/wp\/v2\/media\/9947"}],"wp:attachment":[{"href":"https:\/\/expovero.com\/en\/wp-json\/wp\/v2\/media?parent=6592"}],"wp:term":[{"taxonomy":"product_brand","embeddable":true,"href":"https:\/\/expovero.com\/en\/wp-json\/wp\/v2\/product_brand?post=6592"},{"taxonomy":"product_cat","embeddable":true,"href":"https:\/\/expovero.com\/en\/wp-json\/wp\/v2\/product_cat?post=6592"},{"taxonomy":"product_tag","embeddable":true,"href":"https:\/\/expovero.com\/en\/wp-json\/wp\/v2\/product_tag?post=6592"}],"curies":[{"name":"wp","href":"https:\/\/api.w.org\/{rel}","templated":true}]}}