{"id":6590,"date":"2026-03-19T21:05:54","date_gmt":"2026-03-19T21:05:54","guid":{"rendered":"https:\/\/expovero.com\/?post_type=product&#038;p=6590"},"modified":"2026-03-19T21:05:54","modified_gmt":"2026-03-19T21:05:54","slug":"premixanlage-metallschanksaule","status":"publish","type":"product","link":"https:\/\/expovero.com\/en\/product\/premixanlage-metallschanksaule\/","title":{"rendered":"Premixanlage \u2013 Metallschanks\u00e4ule"},"content":{"rendered":"<p>Breite: 378 mm<br \/>\nSockel \u00d8: 104 mm<br \/>\nGesamth\u00f6he: 317 mm<br \/>\nH\u00f6he bis Hahnmitte: 255 mm<br \/>\nTiefe inkl. Tropfschale: ca. 218 mm<\/p>\n<p>F\u00fcr dieses Produkt bitte Hauptdruckminderer, Durchlaufk\u00fchler und Co2 Flasche mitbestellen<\/p>","protected":false},"excerpt":{"rendered":"<p>Breite: 378 mm Sockel \u00d8: 104 mm Gesamth\u00f6he: 317 mm H\u00f6he bis Hahnmitte: 255 mm Tiefe inkl. Tropfschale: ca. 218 mm F\u00fcr dieses Produkt bitte Hauptdruckminderer, Durchlaufk\u00fchler und Co2 Flasche mitbestellen<\/p>","protected":false},"featured_media":6591,"template":"","meta":{"content-type":""},"product_brand":[],"product_cat":[52,133],"product_tag":[],"class_list":{"0":"post-6590","1":"product","2":"type-product","3":"status-publish","4":"has-post-thumbnail","6":"product_cat-equipment","7":"product_cat-zapfanlagen-wasserspender","9":"first","10":"instock","11":"taxable","12":"shipping-taxable","13":"purchasable","14":"product-type-simple"},"_links":{"self":[{"href":"https:\/\/expovero.com\/en\/wp-json\/wp\/v2\/product\/6590","targetHints":{"allow":["GET"]}}],"collection":[{"href":"https:\/\/expovero.com\/en\/wp-json\/wp\/v2\/product"}],"about":[{"href":"https:\/\/expovero.com\/en\/wp-json\/wp\/v2\/types\/product"}],"wp:featuredmedia":[{"embeddable":true,"href":"https:\/\/expovero.com\/en\/wp-json\/wp\/v2\/media\/6591"}],"wp:attachment":[{"href":"https:\/\/expovero.com\/en\/wp-json\/wp\/v2\/media?parent=6590"}],"wp:term":[{"taxonomy":"product_brand","embeddable":true,"href":"https:\/\/expovero.com\/en\/wp-json\/wp\/v2\/product_brand?post=6590"},{"taxonomy":"product_cat","embeddable":true,"href":"https:\/\/expovero.com\/en\/wp-json\/wp\/v2\/product_cat?post=6590"},{"taxonomy":"product_tag","embeddable":true,"href":"https:\/\/expovero.com\/en\/wp-json\/wp\/v2\/product_tag?post=6590"}],"curies":[{"name":"wp","href":"https:\/\/api.w.org\/{rel}","templated":true}]}}