{"id":6584,"date":"2026-03-19T21:03:06","date_gmt":"2026-03-19T21:03:06","guid":{"rendered":"https:\/\/expovero.com\/?post_type=product&#038;p=6584"},"modified":"2026-03-19T21:03:06","modified_gmt":"2026-03-19T21:03:06","slug":"hauptdruckminderer","status":"publish","type":"product","link":"https:\/\/expovero.com\/en\/product\/hauptdruckminderer\/","title":{"rendered":"Hauptdruckminderer"},"content":{"rendered":"<ul class=\"ob-wc-ppd-fta-list\">\n<li class=\"ob-wc-ppd-fta-list-item\">f\u00fcr Premixanlagen<\/li>\n<li>f\u00fcr Zapfanlagen<\/li>\n<li class=\"ob-wc-ppd-fta-list-item\">inkl. Vordruckminderer und 6 Abg\u00e4ngen<\/li>\n<li class=\"ob-wc-ppd-fta-list-item\">bis 7 Bar<\/li>\n<\/ul>","protected":false},"excerpt":{"rendered":"<p>f\u00fcr Premixanlagen f\u00fcr Zapfanlagen inkl. Vordruckminderer und 6 Abg\u00e4ngen bis 7 Bar<\/p>","protected":false},"featured_media":6585,"template":"","meta":{"content-type":""},"product_brand":[],"product_cat":[52,133],"product_tag":[],"class_list":{"0":"post-6584","1":"product","2":"type-product","3":"status-publish","4":"has-post-thumbnail","6":"product_cat-equipment","7":"product_cat-zapfanlagen-wasserspender","9":"first","10":"instock","11":"taxable","12":"shipping-taxable","13":"purchasable","14":"product-type-simple"},"_links":{"self":[{"href":"https:\/\/expovero.com\/en\/wp-json\/wp\/v2\/product\/6584","targetHints":{"allow":["GET"]}}],"collection":[{"href":"https:\/\/expovero.com\/en\/wp-json\/wp\/v2\/product"}],"about":[{"href":"https:\/\/expovero.com\/en\/wp-json\/wp\/v2\/types\/product"}],"wp:featuredmedia":[{"embeddable":true,"href":"https:\/\/expovero.com\/en\/wp-json\/wp\/v2\/media\/6585"}],"wp:attachment":[{"href":"https:\/\/expovero.com\/en\/wp-json\/wp\/v2\/media?parent=6584"}],"wp:term":[{"taxonomy":"product_brand","embeddable":true,"href":"https:\/\/expovero.com\/en\/wp-json\/wp\/v2\/product_brand?post=6584"},{"taxonomy":"product_cat","embeddable":true,"href":"https:\/\/expovero.com\/en\/wp-json\/wp\/v2\/product_cat?post=6584"},{"taxonomy":"product_tag","embeddable":true,"href":"https:\/\/expovero.com\/en\/wp-json\/wp\/v2\/product_tag?post=6584"}],"curies":[{"name":"wp","href":"https:\/\/api.w.org\/{rel}","templated":true}]}}