{"id":6555,"date":"2026-03-19T19:50:18","date_gmt":"2026-03-19T19:50:18","guid":{"rendered":"https:\/\/expovero.com\/?post_type=product&#038;p=6555"},"modified":"2026-03-19T19:50:18","modified_gmt":"2026-03-19T19:50:18","slug":"longdrinkglas-palazzo","status":"publish","type":"product","link":"https:\/\/expovero.com\/en\/product\/longdrinkglas-palazzo\/","title":{"rendered":"Longdrinkglas \/ Palazzo"},"content":{"rendered":"<p>1 St\u00fcck<\/p>\n<p>Breite 8 cm<\/p>\n<p>L\u00e4nge 8 cm<\/p>\n<p>H\u00f6he 12 cm<\/p>","protected":false},"excerpt":{"rendered":"<p>1 St\u00fcck Breite 8 cm L\u00e4nge 8 cm H\u00f6he 12 cm<\/p>","protected":false},"featured_media":6556,"template":"","meta":{"content-type":""},"product_brand":[],"product_cat":[52,132],"product_tag":[],"class_list":{"0":"post-6555","1":"product","2":"type-product","3":"status-publish","4":"has-post-thumbnail","6":"product_cat-equipment","7":"product_cat-glaswaren","9":"first","10":"instock","11":"taxable","12":"shipping-taxable","13":"purchasable","14":"product-type-simple"},"_links":{"self":[{"href":"https:\/\/expovero.com\/en\/wp-json\/wp\/v2\/product\/6555","targetHints":{"allow":["GET"]}}],"collection":[{"href":"https:\/\/expovero.com\/en\/wp-json\/wp\/v2\/product"}],"about":[{"href":"https:\/\/expovero.com\/en\/wp-json\/wp\/v2\/types\/product"}],"wp:featuredmedia":[{"embeddable":true,"href":"https:\/\/expovero.com\/en\/wp-json\/wp\/v2\/media\/6556"}],"wp:attachment":[{"href":"https:\/\/expovero.com\/en\/wp-json\/wp\/v2\/media?parent=6555"}],"wp:term":[{"taxonomy":"product_brand","embeddable":true,"href":"https:\/\/expovero.com\/en\/wp-json\/wp\/v2\/product_brand?post=6555"},{"taxonomy":"product_cat","embeddable":true,"href":"https:\/\/expovero.com\/en\/wp-json\/wp\/v2\/product_cat?post=6555"},{"taxonomy":"product_tag","embeddable":true,"href":"https:\/\/expovero.com\/en\/wp-json\/wp\/v2\/product_tag?post=6555"}],"curies":[{"name":"wp","href":"https:\/\/api.w.org\/{rel}","templated":true}]}}