{"id":6473,"date":"2026-03-19T19:16:02","date_gmt":"2026-03-19T19:16:02","guid":{"rendered":"https:\/\/expovero.com\/?post_type=product&#038;p=6473"},"modified":"2026-03-19T19:16:02","modified_gmt":"2026-03-19T19:16:02","slug":"serviettenstander","status":"publish","type":"product","link":"https:\/\/expovero.com\/en\/product\/serviettenstander\/","title":{"rendered":"Serviettenst\u00e4nder"},"content":{"rendered":"<p>Serviettenst\u00e4nder<\/p>\n<p>Serviettengr\u00f6\u00dfe 250 x 250 mm<\/p>","protected":false},"excerpt":{"rendered":"<p>Serviettenst\u00e4nder Serviettengr\u00f6\u00dfe 250 x 250 mm<\/p>","protected":false},"featured_media":6474,"template":"","meta":{"content-type":""},"product_brand":[],"product_cat":[130,52],"product_tag":[],"class_list":{"0":"post-6473","1":"product","2":"type-product","3":"status-publish","4":"has-post-thumbnail","6":"product_cat-buffet","7":"product_cat-equipment","9":"first","10":"instock","11":"taxable","12":"shipping-taxable","13":"purchasable","14":"product-type-simple"},"_links":{"self":[{"href":"https:\/\/expovero.com\/en\/wp-json\/wp\/v2\/product\/6473","targetHints":{"allow":["GET"]}}],"collection":[{"href":"https:\/\/expovero.com\/en\/wp-json\/wp\/v2\/product"}],"about":[{"href":"https:\/\/expovero.com\/en\/wp-json\/wp\/v2\/types\/product"}],"wp:featuredmedia":[{"embeddable":true,"href":"https:\/\/expovero.com\/en\/wp-json\/wp\/v2\/media\/6474"}],"wp:attachment":[{"href":"https:\/\/expovero.com\/en\/wp-json\/wp\/v2\/media?parent=6473"}],"wp:term":[{"taxonomy":"product_brand","embeddable":true,"href":"https:\/\/expovero.com\/en\/wp-json\/wp\/v2\/product_brand?post=6473"},{"taxonomy":"product_cat","embeddable":true,"href":"https:\/\/expovero.com\/en\/wp-json\/wp\/v2\/product_cat?post=6473"},{"taxonomy":"product_tag","embeddable":true,"href":"https:\/\/expovero.com\/en\/wp-json\/wp\/v2\/product_tag?post=6473"}],"curies":[{"name":"wp","href":"https:\/\/api.w.org\/{rel}","templated":true}]}}