{"id":6447,"date":"2026-03-19T19:06:59","date_gmt":"2026-03-19T19:06:59","guid":{"rendered":"https:\/\/expovero.com\/?post_type=product&#038;p=6447"},"modified":"2026-03-19T19:06:59","modified_gmt":"2026-03-19T19:06:59","slug":"brotchenspender","status":"publish","type":"product","link":"https:\/\/expovero.com\/en\/product\/brotchenspender\/","title":{"rendered":"Br\u00f6tchenspender"},"content":{"rendered":"<p>Ma\u00dfe 32 x 26 x 52 cm<\/p>\n<p>geh\u00e4rtetes Glas<\/p>\n<p>f\u00fcr ca 70 Br\u00f6tchen<\/p>","protected":false},"excerpt":{"rendered":"<p>Ma\u00dfe 32 x 26 x 52 cm geh\u00e4rtetes Glas f\u00fcr ca 70 Br\u00f6tchen<\/p>","protected":false},"featured_media":6448,"template":"","meta":{"content-type":""},"product_brand":[],"product_cat":[130,52],"product_tag":[],"class_list":{"0":"post-6447","1":"product","2":"type-product","3":"status-publish","4":"has-post-thumbnail","6":"product_cat-buffet","7":"product_cat-equipment","9":"first","10":"instock","11":"taxable","12":"shipping-taxable","13":"purchasable","14":"product-type-simple"},"_links":{"self":[{"href":"https:\/\/expovero.com\/en\/wp-json\/wp\/v2\/product\/6447","targetHints":{"allow":["GET"]}}],"collection":[{"href":"https:\/\/expovero.com\/en\/wp-json\/wp\/v2\/product"}],"about":[{"href":"https:\/\/expovero.com\/en\/wp-json\/wp\/v2\/types\/product"}],"wp:featuredmedia":[{"embeddable":true,"href":"https:\/\/expovero.com\/en\/wp-json\/wp\/v2\/media\/6448"}],"wp:attachment":[{"href":"https:\/\/expovero.com\/en\/wp-json\/wp\/v2\/media?parent=6447"}],"wp:term":[{"taxonomy":"product_brand","embeddable":true,"href":"https:\/\/expovero.com\/en\/wp-json\/wp\/v2\/product_brand?post=6447"},{"taxonomy":"product_cat","embeddable":true,"href":"https:\/\/expovero.com\/en\/wp-json\/wp\/v2\/product_cat?post=6447"},{"taxonomy":"product_tag","embeddable":true,"href":"https:\/\/expovero.com\/en\/wp-json\/wp\/v2\/product_tag?post=6447"}],"curies":[{"name":"wp","href":"https:\/\/api.w.org\/{rel}","templated":true}]}}