{"id":6436,"date":"2026-03-19T19:01:56","date_gmt":"2026-03-19T19:01:56","guid":{"rendered":"https:\/\/expovero.com\/?post_type=product&#038;p=6436"},"modified":"2026-03-19T19:01:56","modified_gmt":"2026-03-19T19:01:56","slug":"schale-20cm-serie-ritzenhoff-breker-cosmo","status":"publish","type":"product","link":"https:\/\/expovero.com\/en\/product\/schale-20cm-serie-ritzenhoff-breker-cosmo\/","title":{"rendered":"Schale 20cm \/ Serie Ritzenhoff&#038; Breker \/ Cosmo"},"content":{"rendered":"<p>Milchk\u00e4nnchen<\/p>\n<p>Breite 20 cm<\/p>\n<p>L\u00e4nge 20 cm<\/p>\n<p>H\u00f6he 4 cm<\/p>\n<p>&nbsp;<\/p>\n<p>Ritzenhoff&amp; Breker<\/p>\n<p>Cosmo<\/p>","protected":false},"excerpt":{"rendered":"<p>Milchk\u00e4nnchen Breite 20 cm L\u00e4nge 20 cm H\u00f6he 4 cm &nbsp; Ritzenhoff&amp; Breker Cosmo<\/p>","protected":false},"featured_media":6437,"template":"","meta":{"content-type":""},"product_brand":[],"product_cat":[52,129],"product_tag":[],"class_list":{"0":"post-6436","1":"product","2":"type-product","3":"status-publish","4":"has-post-thumbnail","6":"product_cat-equipment","7":"product_cat-geschirr","9":"first","10":"instock","11":"taxable","12":"shipping-taxable","13":"purchasable","14":"product-type-simple"},"_links":{"self":[{"href":"https:\/\/expovero.com\/en\/wp-json\/wp\/v2\/product\/6436","targetHints":{"allow":["GET"]}}],"collection":[{"href":"https:\/\/expovero.com\/en\/wp-json\/wp\/v2\/product"}],"about":[{"href":"https:\/\/expovero.com\/en\/wp-json\/wp\/v2\/types\/product"}],"wp:featuredmedia":[{"embeddable":true,"href":"https:\/\/expovero.com\/en\/wp-json\/wp\/v2\/media\/6437"}],"wp:attachment":[{"href":"https:\/\/expovero.com\/en\/wp-json\/wp\/v2\/media?parent=6436"}],"wp:term":[{"taxonomy":"product_brand","embeddable":true,"href":"https:\/\/expovero.com\/en\/wp-json\/wp\/v2\/product_brand?post=6436"},{"taxonomy":"product_cat","embeddable":true,"href":"https:\/\/expovero.com\/en\/wp-json\/wp\/v2\/product_cat?post=6436"},{"taxonomy":"product_tag","embeddable":true,"href":"https:\/\/expovero.com\/en\/wp-json\/wp\/v2\/product_tag?post=6436"}],"curies":[{"name":"wp","href":"https:\/\/api.w.org\/{rel}","templated":true}]}}