{"id":6428,"date":"2026-03-19T18:58:31","date_gmt":"2026-03-19T18:58:31","guid":{"rendered":"https:\/\/expovero.com\/?post_type=product&#038;p=6428"},"modified":"2026-03-19T18:58:32","modified_gmt":"2026-03-19T18:58:32","slug":"sauciere-serie-ritzenhoff-breker-melodie","status":"publish","type":"product","link":"https:\/\/expovero.com\/en\/product\/sauciere-serie-ritzenhoff-breker-melodie\/","title":{"rendered":"Sauciere \/ Serie Ritzenhoff&#038; Breker \/ Melodie"},"content":{"rendered":"<p>Milchk\u00e4nnchen<\/p>\n<p>Breite 10 cm<\/p>\n<p>L\u00e4nge 18 cm<\/p>\n<p>H\u00f6he 10 cm<\/p>\n<p>Inhalt: 400 ml<\/p>\n<p>Ritzenhoff&amp; Breker<\/p>\n<p>Melodie<\/p>","protected":false},"excerpt":{"rendered":"<p>Milchk\u00e4nnchen Breite 10 cm L\u00e4nge 18 cm H\u00f6he 10 cm Inhalt: 400 ml Ritzenhoff&amp; Breker Melodie<\/p>","protected":false},"featured_media":6429,"template":"","meta":{"content-type":""},"product_brand":[],"product_cat":[52,129],"product_tag":[],"class_list":{"0":"post-6428","1":"product","2":"type-product","3":"status-publish","4":"has-post-thumbnail","6":"product_cat-equipment","7":"product_cat-geschirr","9":"first","10":"instock","11":"taxable","12":"shipping-taxable","13":"purchasable","14":"product-type-simple"},"_links":{"self":[{"href":"https:\/\/expovero.com\/en\/wp-json\/wp\/v2\/product\/6428","targetHints":{"allow":["GET"]}}],"collection":[{"href":"https:\/\/expovero.com\/en\/wp-json\/wp\/v2\/product"}],"about":[{"href":"https:\/\/expovero.com\/en\/wp-json\/wp\/v2\/types\/product"}],"wp:featuredmedia":[{"embeddable":true,"href":"https:\/\/expovero.com\/en\/wp-json\/wp\/v2\/media\/6429"}],"wp:attachment":[{"href":"https:\/\/expovero.com\/en\/wp-json\/wp\/v2\/media?parent=6428"}],"wp:term":[{"taxonomy":"product_brand","embeddable":true,"href":"https:\/\/expovero.com\/en\/wp-json\/wp\/v2\/product_brand?post=6428"},{"taxonomy":"product_cat","embeddable":true,"href":"https:\/\/expovero.com\/en\/wp-json\/wp\/v2\/product_cat?post=6428"},{"taxonomy":"product_tag","embeddable":true,"href":"https:\/\/expovero.com\/en\/wp-json\/wp\/v2\/product_tag?post=6428"}],"curies":[{"name":"wp","href":"https:\/\/api.w.org\/{rel}","templated":true}]}}