{"id":6424,"date":"2026-03-19T18:56:54","date_gmt":"2026-03-19T18:56:54","guid":{"rendered":"https:\/\/expovero.com\/?post_type=product&#038;p=6424"},"modified":"2026-03-19T18:56:54","modified_gmt":"2026-03-19T18:56:54","slug":"milchkannchen-serie-ritzenhoff-breker-evora","status":"publish","type":"product","link":"https:\/\/expovero.com\/en\/product\/milchkannchen-serie-ritzenhoff-breker-evora\/","title":{"rendered":"Milchk\u00e4nnchen \/ Serie Ritzenhoff&#038; Breker \/ Evora"},"content":{"rendered":"<p>Milchk\u00e4nnchen<\/p>\n<p>Breite 7 cm<\/p>\n<p>L\u00e4nge 11,5 cm<\/p>\n<p>H\u00f6he 9,5 cm<\/p>\n<p>Inhalt: 180 ml<\/p>\n<p>Ritzenhoff&amp; Breker<\/p>\n<p>Evora<\/p>","protected":false},"excerpt":{"rendered":"<p>Milchk\u00e4nnchen Breite 7 cm L\u00e4nge 11,5 cm H\u00f6he 9,5 cm Inhalt: 180 ml Ritzenhoff&amp; Breker Evora<\/p>","protected":false},"featured_media":6425,"template":"","meta":{"content-type":""},"product_brand":[],"product_cat":[52,129],"product_tag":[],"class_list":{"0":"post-6424","1":"product","2":"type-product","3":"status-publish","4":"has-post-thumbnail","6":"product_cat-equipment","7":"product_cat-geschirr","9":"first","10":"instock","11":"taxable","12":"shipping-taxable","13":"purchasable","14":"product-type-simple"},"_links":{"self":[{"href":"https:\/\/expovero.com\/en\/wp-json\/wp\/v2\/product\/6424","targetHints":{"allow":["GET"]}}],"collection":[{"href":"https:\/\/expovero.com\/en\/wp-json\/wp\/v2\/product"}],"about":[{"href":"https:\/\/expovero.com\/en\/wp-json\/wp\/v2\/types\/product"}],"wp:featuredmedia":[{"embeddable":true,"href":"https:\/\/expovero.com\/en\/wp-json\/wp\/v2\/media\/6425"}],"wp:attachment":[{"href":"https:\/\/expovero.com\/en\/wp-json\/wp\/v2\/media?parent=6424"}],"wp:term":[{"taxonomy":"product_brand","embeddable":true,"href":"https:\/\/expovero.com\/en\/wp-json\/wp\/v2\/product_brand?post=6424"},{"taxonomy":"product_cat","embeddable":true,"href":"https:\/\/expovero.com\/en\/wp-json\/wp\/v2\/product_cat?post=6424"},{"taxonomy":"product_tag","embeddable":true,"href":"https:\/\/expovero.com\/en\/wp-json\/wp\/v2\/product_tag?post=6424"}],"curies":[{"name":"wp","href":"https:\/\/api.w.org\/{rel}","templated":true}]}}