{"id":6378,"date":"2026-03-19T13:57:12","date_gmt":"2026-03-19T13:57:12","guid":{"rendered":"https:\/\/expovero.com\/?post_type=product&#038;p=6378"},"modified":"2026-03-19T13:57:12","modified_gmt":"2026-03-19T13:57:12","slug":"suppenschussel-ritzenhoff-breker-bianco","status":"publish","type":"product","link":"https:\/\/expovero.com\/en\/product\/suppenschussel-ritzenhoff-breker-bianco\/","title":{"rendered":"Suppensch\u00fcssel Ritzenhoff&#038; Breker \u2013 Bianco"},"content":{"rendered":"<p>Suppensch\u00fcssel<\/p>\n<p>Breite 15 cm<\/p>\n<p>L\u00e4nge 15 cm<\/p>\n<p>H\u00f6he 8 cm<\/p>\n<p>&nbsp;<\/p>\n<p>Ritzenhoff&amp; Breker<\/p>\n<p>Serie Bianco<\/p>","protected":false},"excerpt":{"rendered":"<p>Suppensch\u00fcssel Breite 15 cm L\u00e4nge 15 cm H\u00f6he 8 cm &nbsp; Ritzenhoff&amp; Breker Serie Bianco<\/p>","protected":false},"featured_media":6379,"template":"","meta":{"content-type":""},"product_brand":[],"product_cat":[52,129],"product_tag":[],"class_list":{"0":"post-6378","1":"product","2":"type-product","3":"status-publish","4":"has-post-thumbnail","6":"product_cat-equipment","7":"product_cat-geschirr","9":"first","10":"instock","11":"taxable","12":"shipping-taxable","13":"purchasable","14":"product-type-simple"},"_links":{"self":[{"href":"https:\/\/expovero.com\/en\/wp-json\/wp\/v2\/product\/6378","targetHints":{"allow":["GET"]}}],"collection":[{"href":"https:\/\/expovero.com\/en\/wp-json\/wp\/v2\/product"}],"about":[{"href":"https:\/\/expovero.com\/en\/wp-json\/wp\/v2\/types\/product"}],"wp:featuredmedia":[{"embeddable":true,"href":"https:\/\/expovero.com\/en\/wp-json\/wp\/v2\/media\/6379"}],"wp:attachment":[{"href":"https:\/\/expovero.com\/en\/wp-json\/wp\/v2\/media?parent=6378"}],"wp:term":[{"taxonomy":"product_brand","embeddable":true,"href":"https:\/\/expovero.com\/en\/wp-json\/wp\/v2\/product_brand?post=6378"},{"taxonomy":"product_cat","embeddable":true,"href":"https:\/\/expovero.com\/en\/wp-json\/wp\/v2\/product_cat?post=6378"},{"taxonomy":"product_tag","embeddable":true,"href":"https:\/\/expovero.com\/en\/wp-json\/wp\/v2\/product_tag?post=6378"}],"curies":[{"name":"wp","href":"https:\/\/api.w.org\/{rel}","templated":true}]}}