{"id":5993,"date":"2026-03-18T20:19:30","date_gmt":"2026-03-18T20:19:30","guid":{"rendered":"https:\/\/expovero.com\/?post_type=product&#038;p=5993"},"modified":"2026-03-30T18:58:43","modified_gmt":"2026-03-30T18:58:43","slug":"prinz-zur-lippe","status":"publish","type":"product","link":"https:\/\/expovero.com\/en\/product\/prinz-zur-lippe\/","title":{"rendered":"Prinz zur Lippe"},"content":{"rendered":"<p><span data-olk-copy-source=\"MessageBody\">Wenn Sie auf der Suche nach einer guten Rotwein Cuv\u00e9e des Weinbaugebietes Sachsen sind, dann sind Sie bei Weingut Schloss Proschwitz an der richtigen Adresse. Mit einem angenehmen sp\u00fcrbarem K\u00f6rper zeigt dieser trockene Rotwein am Gaumen. Ein unkomplizierter jedoch erstklassiger Begleiter zu Spei\u00dfen oder ein grandioser Solist.<\/span><\/p>","protected":false},"excerpt":{"rendered":"<p>Wenn Sie auf der Suche nach einer guten Rotwein Cuv\u00e9e des Weinbaugebietes Sachsen sind, dann sind Sie bei Weingut Schloss Proschwitz an der richtigen Adresse. Mit einem angenehmen sp\u00fcrbarem K\u00f6rper zeigt dieser trockene Rotwein am Gaumen. Ein unkomplizierter jedoch erstklassiger Begleiter zu Spei\u00dfen oder ein grandioser Solist.<\/p>","protected":false},"featured_media":5994,"template":"","meta":{"content-type":""},"product_brand":[],"product_cat":[54,145],"product_tag":[],"class_list":{"0":"post-5993","1":"product","2":"type-product","3":"status-publish","4":"has-post-thumbnail","6":"product_cat-getranke","7":"product_cat-wein","9":"first","10":"instock","11":"taxable","12":"shipping-taxable","13":"purchasable","14":"product-type-simple"},"_links":{"self":[{"href":"https:\/\/expovero.com\/en\/wp-json\/wp\/v2\/product\/5993","targetHints":{"allow":["GET"]}}],"collection":[{"href":"https:\/\/expovero.com\/en\/wp-json\/wp\/v2\/product"}],"about":[{"href":"https:\/\/expovero.com\/en\/wp-json\/wp\/v2\/types\/product"}],"wp:featuredmedia":[{"embeddable":true,"href":"https:\/\/expovero.com\/en\/wp-json\/wp\/v2\/media\/5994"}],"wp:attachment":[{"href":"https:\/\/expovero.com\/en\/wp-json\/wp\/v2\/media?parent=5993"}],"wp:term":[{"taxonomy":"product_brand","embeddable":true,"href":"https:\/\/expovero.com\/en\/wp-json\/wp\/v2\/product_brand?post=5993"},{"taxonomy":"product_cat","embeddable":true,"href":"https:\/\/expovero.com\/en\/wp-json\/wp\/v2\/product_cat?post=5993"},{"taxonomy":"product_tag","embeddable":true,"href":"https:\/\/expovero.com\/en\/wp-json\/wp\/v2\/product_tag?post=5993"}],"curies":[{"name":"wp","href":"https:\/\/api.w.org\/{rel}","templated":true}]}}