{"id":5991,"date":"2026-03-18T20:18:48","date_gmt":"2026-03-18T20:18:48","guid":{"rendered":"https:\/\/expovero.com\/?post_type=product&#038;p=5991"},"modified":"2026-03-30T18:56:45","modified_gmt":"2026-03-30T18:56:45","slug":"peter-zimmer-pinot-noir","status":"publish","type":"product","link":"https:\/\/expovero.com\/en\/product\/peter-zimmer-pinot-noir\/","title":{"rendered":"Peter Zimmer Pinot Noir"},"content":{"rendered":"<p><span style=\"color: #2c324b; font-family: Montserrat,Helvetica Neue,Helvetica,Arial Nova,Calibri,Arial,sans-serif; font-size: medium;\" data-ogsc=\"\" data-ogac=\"#2C324B\"><span data-ogsc=\"\" data-olk-copy-source=\"MessageBody\">Die Trauben f\u00fcr diesen Blauburgunder von Peter Zemmer stammen aus Weinbergen rund um Mazon. Die dortigen H\u00fcgel zeichnen sich durch Lehmb\u00f6den mit kalkhaltigem Anteil und ein g\u00fcnstiges Mikroklima aus. Zwei Drittel des Grundweines werden f\u00fcr zw\u00f6lf Monate im gro\u00dfen franz\u00f6sischen Eichenholzfass gelagert, das verbleibende Drittel in Barriques in Zweit- und Drittbelegung.<\/span><\/span><\/p>\n<p data-ogsc=\"rgb(44, 50, 75)\">Im Glas zeigt der Pinot Noir von Peter Zemmer ein intensives Rubinrot mit granatroten Reflexen. Das sortentypische Bukett verstr\u00f6mt Aromen nach Waldbeeren und Sauerkirschen. Am Gaumen harmonisch, rund und k\u00f6rperreich, mit einer reifen Waldbeerenfrucht und subtiler W\u00fcrze. Geschmeidige Tannine. Toller Begleiter zu Gerichten mit Lamm, Gefl\u00fcgel und Wild.<\/p>","protected":false},"excerpt":{"rendered":"<p>Die Trauben f\u00fcr diesen Blauburgunder von Peter Zemmer stammen aus Weinbergen rund um Mazon. Die dortigen H\u00fcgel zeichnen sich durch Lehmb\u00f6den mit kalkhaltigem Anteil und ein g\u00fcnstiges Mikroklima aus. Zwei Drittel des Grundweines werden f\u00fcr zw\u00f6lf Monate im gro\u00dfen franz\u00f6sischen Eichenholzfass gelagert, das verbleibende Drittel in Barriques in Zweit- und Drittbelegung. Im Glas zeigt der [&hellip;]<\/p>\n","protected":false},"featured_media":5992,"template":"","meta":{"content-type":""},"product_brand":[],"product_cat":[54,145],"product_tag":[],"class_list":{"0":"post-5991","1":"product","2":"type-product","3":"status-publish","4":"has-post-thumbnail","6":"product_cat-getranke","7":"product_cat-wein","9":"first","10":"instock","11":"taxable","12":"shipping-taxable","13":"purchasable","14":"product-type-simple"},"_links":{"self":[{"href":"https:\/\/expovero.com\/en\/wp-json\/wp\/v2\/product\/5991","targetHints":{"allow":["GET"]}}],"collection":[{"href":"https:\/\/expovero.com\/en\/wp-json\/wp\/v2\/product"}],"about":[{"href":"https:\/\/expovero.com\/en\/wp-json\/wp\/v2\/types\/product"}],"wp:featuredmedia":[{"embeddable":true,"href":"https:\/\/expovero.com\/en\/wp-json\/wp\/v2\/media\/5992"}],"wp:attachment":[{"href":"https:\/\/expovero.com\/en\/wp-json\/wp\/v2\/media?parent=5991"}],"wp:term":[{"taxonomy":"product_brand","embeddable":true,"href":"https:\/\/expovero.com\/en\/wp-json\/wp\/v2\/product_brand?post=5991"},{"taxonomy":"product_cat","embeddable":true,"href":"https:\/\/expovero.com\/en\/wp-json\/wp\/v2\/product_cat?post=5991"},{"taxonomy":"product_tag","embeddable":true,"href":"https:\/\/expovero.com\/en\/wp-json\/wp\/v2\/product_tag?post=5991"}],"curies":[{"name":"wp","href":"https:\/\/api.w.org\/{rel}","templated":true}]}}