{"id":5989,"date":"2026-03-18T20:18:04","date_gmt":"2026-03-18T20:18:04","guid":{"rendered":"https:\/\/expovero.com\/?post_type=product&#038;p=5989"},"modified":"2026-03-30T18:55:07","modified_gmt":"2026-03-30T18:55:07","slug":"penfolds-shiraz","status":"publish","type":"product","link":"https:\/\/expovero.com\/en\/product\/penfolds-shiraz\/","title":{"rendered":"Penfolds Shiraz"},"content":{"rendered":"<p><span data-ogsc=\"rgb(51, 51, 51)\" data-ogsb=\"white\" data-olk-copy-source=\"MessageBody\">Die Farbe dieses Penfolds Bin 28 Shiraz ist ein tiefes Ziegelrot. Er\u00f6ffnet mit \u00fcppigen, warmw\u00fcrzigen Shiraz-Aromen von etwas weihnachtlichen Nelken, Zimt, Koriander, saftigen Pflaumen und Kirschen. Sp\u00e4ter sind auch Lakritz und feine Vanille sp\u00fcrbar.<\/span><\/p>\n<p><span data-ogsc=\"rgb(51, 51, 51)\" data-ogsb=\"white\">Vollmundiger Geschmack mit mittlerem K\u00f6rper und saftigen Aromen von Pflaumen, Kirschen und Beeren, die sich mit Noten von dunkler Schokolade, Mokka und Gew\u00fcrzen mischen.<\/span><\/p>\n<p><span data-ogsc=\"rgb(51, 51, 51)\" data-ogsb=\"white\">Der Wein reifte f\u00fcr 12\u00a0Monate in bereits mehrfach belegten F\u00e4ssern aus amerikanischer Eiche.<\/span><\/p>\n<p><span data-ogsc=\"rgb(51, 51, 51)\" data-ogsb=\"white\">Penfolds Bin 28 ist\u00a0<\/span><i data-ogsc=\"rgb(51, 51, 51)\">das<\/i><span data-ogsc=\"rgb(51, 51, 51)\" data-ogsb=\"white\">\u00a0Paradebeispiel f\u00fcr einen australischen Shiraz, gekeltert aus Trauben, die bei wohliger W\u00e4rme ausreifen konnten, robust, mit opulenten, saftigen Aromen und ohne dominante neue Eiche oder exzessive Alkoholgrade. Kalimna hie\u00df der 1962 erstmals gekelterte Shiraz nach dem ber\u00fchmten Weinberg im Barossa Valley, den Penfolds 1945 erwarb und aus dessen Trauben der Wein urspr\u00fcnglich ausschlie\u00dflich bereitet wurde.<\/span><\/p>\n<p><span data-ogsc=\"rgb(51, 51, 51)\" data-ogsb=\"white\">Heute ist Bin 28 ein echter Penfolds multi-regional, multi-vineyard Blend, ein trockener Rotwein also von Reben aus verschiedenen Regionen und Rebg\u00e4rten, mit klar definierter, reifer Frucht in der Jugend, Konzentration, deutlicher Fruchts\u00fc\u00dfe und nur minimalem Holzeinfluss.<\/span><\/p>","protected":false},"excerpt":{"rendered":"<p>Die Farbe dieses Penfolds Bin 28 Shiraz ist ein tiefes Ziegelrot. Er\u00f6ffnet mit \u00fcppigen, warmw\u00fcrzigen Shiraz-Aromen von etwas weihnachtlichen Nelken, Zimt, Koriander, saftigen Pflaumen und Kirschen. Sp\u00e4ter sind auch Lakritz und feine Vanille sp\u00fcrbar. Vollmundiger Geschmack mit mittlerem K\u00f6rper und saftigen Aromen von Pflaumen, Kirschen und Beeren, die sich mit Noten von dunkler Schokolade, Mokka [&hellip;]<\/p>\n","protected":false},"featured_media":5990,"template":"","meta":{"content-type":""},"product_brand":[],"product_cat":[54,145],"product_tag":[],"class_list":{"0":"post-5989","1":"product","2":"type-product","3":"status-publish","4":"has-post-thumbnail","6":"product_cat-getranke","7":"product_cat-wein","9":"first","10":"instock","11":"taxable","12":"shipping-taxable","13":"purchasable","14":"product-type-simple"},"_links":{"self":[{"href":"https:\/\/expovero.com\/en\/wp-json\/wp\/v2\/product\/5989","targetHints":{"allow":["GET"]}}],"collection":[{"href":"https:\/\/expovero.com\/en\/wp-json\/wp\/v2\/product"}],"about":[{"href":"https:\/\/expovero.com\/en\/wp-json\/wp\/v2\/types\/product"}],"wp:featuredmedia":[{"embeddable":true,"href":"https:\/\/expovero.com\/en\/wp-json\/wp\/v2\/media\/5990"}],"wp:attachment":[{"href":"https:\/\/expovero.com\/en\/wp-json\/wp\/v2\/media?parent=5989"}],"wp:term":[{"taxonomy":"product_brand","embeddable":true,"href":"https:\/\/expovero.com\/en\/wp-json\/wp\/v2\/product_brand?post=5989"},{"taxonomy":"product_cat","embeddable":true,"href":"https:\/\/expovero.com\/en\/wp-json\/wp\/v2\/product_cat?post=5989"},{"taxonomy":"product_tag","embeddable":true,"href":"https:\/\/expovero.com\/en\/wp-json\/wp\/v2\/product_tag?post=5989"}],"curies":[{"name":"wp","href":"https:\/\/api.w.org\/{rel}","templated":true}]}}