{"id":5983,"date":"2026-03-18T20:15:36","date_gmt":"2026-03-18T20:15:36","guid":{"rendered":"https:\/\/expovero.com\/?post_type=product&#038;p=5983"},"modified":"2026-03-30T18:47:52","modified_gmt":"2026-03-30T18:47:52","slug":"esporao-reserva-rood","status":"publish","type":"product","link":"https:\/\/expovero.com\/en\/product\/esporao-reserva-rood\/","title":{"rendered":"Esporao Reserva Rood"},"content":{"rendered":"<p><span style=\"font-family: Helvetica,Arial,system-ui,-apple-system,Segoe UI,Roboto,Helvetica Neue,Noto Sans,Liberation Sans,sans-serif,Apple Color Emoji,Segoe UI Emoji,Segoe UI Symbol,Noto Color Emoji; font-size: medium;\" data-olk-copy-source=\"MessageBody\">Espor\u00e3o Reserva<\/span><span data-ogsb=\"white\">\u00a0ist ein Rotwein des portugiesischen Weinguts\u00a0<\/span>Esporao<span data-ogsb=\"white\">, hergestellt aus den Sorten\u00a0<\/span>Trincadeira, Aragon\u00eas, Alicante Bouschet<span data-ogsb=\"white\">\u00a0und\u00a0<\/span>Cabernet Sauvignon<span data-ogsb=\"white\">\u00a0in der\u00a0<\/span>DOC Alentejo<span data-ogsb=\"white\">.<\/span><\/p>\n<p>Espor\u00e3o<span data-ogsb=\"white\">\u00a0ist ein Weingut aus dem Jahr 1267 und befindet sich auf einem spektakul\u00e4ren Anwesen in\u00a0<\/span>Alentejo<span data-ogsb=\"white\">\u00a0(Portugal). Ein Gel\u00e4nde mit Fl\u00fcssen, Weinbergen, Olivenb\u00e4umen und einem gro\u00dfen zentralen See; nat\u00fcrliche Beschaffenheiten, die es ideal f\u00fcr den Anbau guter Trauben machen. Damit sie Qualit\u00e4tsweine herstellen konnten, wurde das erste Geb\u00e4ude des Weinguts im Jahr 1985 errichtet. Es wurde jedoch im Laufe der Zeit erweitert und ist derzeit eines der gr\u00f6\u00dften in Portugal.<\/span><\/p>\n<p><span data-ogsb=\"white\">Die Weinberge, aus denen\u00a0<\/span>Espor\u00e3o<span data-ogsb=\"white\">\u00a0<\/span>Reserva<span data-ogsb=\"white\">\u00a0stammt, sind Weinberge mit einem Durchschnittsalter von 15 Jahren. Rebst\u00f6cke, die in B\u00f6den mit Granit und Schiefer gepflanzt sind und zusammen mit einem warmen Klima, das durch den gro\u00dfen zentralen See des Anwesens reguliert wird, qualitativ hochwertige Beeren erbringen. Sobald die Trauben ihre optimale Reife erreicht haben, werden sie von Hand gelesen.<\/span><\/p>\n<p><span data-ogsb=\"white\">Im Weinkeller wird jede Sorte separat vinifiziert. Sobald die Trauben entrappt sind mazerieren und fermentieren sie in Edelstahltanks mittels manuellem Umpumpen bei einer kontrollierten Temperatur zwischen 22\u00a0\u00baC und 25\u00a0\u00baC. Danach reifen 60\u00a0% des\u00a0<\/span>Espor\u00e3o<span data-ogsb=\"white\">\u00a0<\/span>Reserva<span data-ogsb=\"white\">\u00a0f\u00fcr 12 Monate in amerikanischen Eichenf\u00e4ssern und die restlichen 40\u00a0% in franz\u00f6sischer Eiche. Nach dem Abf\u00fcllen lagert der Wein ca. 8 Monate im Keller.<\/span><\/p>\n<p>Espor\u00e3o\u00a0Reserva<span data-ogsb=\"white\">\u00a0ist ein Rotwein aus einem der bekanntesten Weing\u00fcter von\u00a0<\/span>Alentejo<span data-ogsb=\"white\">. Ein schmackhafter und eleganter Rotwein, der die gro\u00dfe typische Fruchtigkeit dieser Region Portugals aufzeigt.<\/span><\/p>","protected":false},"excerpt":{"rendered":"<p>Espor\u00e3o Reserva\u00a0ist ein Rotwein des portugiesischen Weinguts\u00a0Esporao, hergestellt aus den Sorten\u00a0Trincadeira, Aragon\u00eas, Alicante Bouschet\u00a0und\u00a0Cabernet Sauvignon\u00a0in der\u00a0DOC Alentejo. Espor\u00e3o\u00a0ist ein Weingut aus dem Jahr 1267 und befindet sich auf einem spektakul\u00e4ren Anwesen in\u00a0Alentejo\u00a0(Portugal). Ein Gel\u00e4nde mit Fl\u00fcssen, Weinbergen, Olivenb\u00e4umen und einem gro\u00dfen zentralen See; nat\u00fcrliche Beschaffenheiten, die es ideal f\u00fcr den Anbau guter Trauben machen. Damit [&hellip;]<\/p>\n","protected":false},"featured_media":5984,"template":"","meta":{"content-type":""},"product_brand":[],"product_cat":[54,145],"product_tag":[],"class_list":{"0":"post-5983","1":"product","2":"type-product","3":"status-publish","4":"has-post-thumbnail","6":"product_cat-getranke","7":"product_cat-wein","9":"first","10":"instock","11":"taxable","12":"shipping-taxable","13":"purchasable","14":"product-type-simple"},"_links":{"self":[{"href":"https:\/\/expovero.com\/en\/wp-json\/wp\/v2\/product\/5983","targetHints":{"allow":["GET"]}}],"collection":[{"href":"https:\/\/expovero.com\/en\/wp-json\/wp\/v2\/product"}],"about":[{"href":"https:\/\/expovero.com\/en\/wp-json\/wp\/v2\/types\/product"}],"wp:featuredmedia":[{"embeddable":true,"href":"https:\/\/expovero.com\/en\/wp-json\/wp\/v2\/media\/5984"}],"wp:attachment":[{"href":"https:\/\/expovero.com\/en\/wp-json\/wp\/v2\/media?parent=5983"}],"wp:term":[{"taxonomy":"product_brand","embeddable":true,"href":"https:\/\/expovero.com\/en\/wp-json\/wp\/v2\/product_brand?post=5983"},{"taxonomy":"product_cat","embeddable":true,"href":"https:\/\/expovero.com\/en\/wp-json\/wp\/v2\/product_cat?post=5983"},{"taxonomy":"product_tag","embeddable":true,"href":"https:\/\/expovero.com\/en\/wp-json\/wp\/v2\/product_tag?post=5983"}],"curies":[{"name":"wp","href":"https:\/\/api.w.org\/{rel}","templated":true}]}}