{"id":5981,"date":"2026-03-18T20:14:58","date_gmt":"2026-03-18T20:14:58","guid":{"rendered":"https:\/\/expovero.com\/?post_type=product&#038;p=5981"},"modified":"2026-03-30T17:59:42","modified_gmt":"2026-03-30T17:59:42","slug":"chateau-la-pierriere","status":"publish","type":"product","link":"https:\/\/expovero.com\/en\/product\/chateau-la-pierriere\/","title":{"rendered":"Chateau la pierriere"},"content":{"rendered":"<h3><span style=\"font-family: Poppins,sans-serif;\"><span data-olk-copy-source=\"MessageBody\">Die Weinberge von Ch\u00e2teau La Pierri\u00e8re: Ein Terroir mit Potenzial<\/span><\/span><\/h3>\n<p>Das Geheimnis der au\u00dfergew\u00f6hnlichen Weine von Ch\u00e2teau La Pierri\u00e8re liegt in den einzigartigen Weinbergen. Die B\u00f6den, gepr\u00e4gt von Kalkstein und Lehm, bieten ideale Bedingungen f\u00fcr den Anbau von\u00a0<a title=\"https:\/\/www.winzer24.de\/merlot\/\" href=\"https:\/\/www.winzer24.de\/merlot\/\" data-auth=\"NotApplicable\" data-linkindex=\"16\" data-ogsc=\"black\">Merlot<\/a>,\u00a0<a title=\"https:\/\/www.winzer24.de\/cabernet-sauvignon\/\" href=\"https:\/\/www.winzer24.de\/cabernet-sauvignon\/\" data-auth=\"NotApplicable\" data-linkindex=\"17\" data-ogsc=\"black\">Cabernet Sauvignon<\/a>und Cabernet Franc \u2013 den klassischen Rebsorten des Bordeaux. Die sonnenverw\u00f6hnten H\u00e4nge und das g\u00fcnstige Mikroklima tragen dazu bei, dass die Trauben optimal reifen und ihr volles Aromapotenzial entfalten k\u00f6nnen.<\/p>\n<p>Nachhaltigkeit wird bei Ch\u00e2teau La Pierri\u00e8re gro\u00dfgeschrieben. Die Familie setzt auf umweltschonende Anbaumethoden, um die Gesundheit der B\u00f6den zu erhalten und die Biodiversit\u00e4t zu f\u00f6rdern. Der Verzicht auf chemische Pflanzenschutzmittel und der Einsatz nat\u00fcrlicher D\u00fcngemittel sind selbstverst\u00e4ndlich. So entstehen Weine, die nicht nur hervorragend schmecken, sondern auch im Einklang mit der Natur produziert werden.<\/p>\n<h3><span id=\"x_die_weine_von_chateau_la_pierriere_ein_geschmackserlebnis_fuer_kenner\"><\/span>Die Weine von Ch\u00e2teau La Pierri\u00e8re: Ein Geschmackserlebnis f\u00fcr Kenner<\/h3>\n<p>Das Sortiment von Ch\u00e2teau La Pierri\u00e8re umfasst eine Vielfalt an Weinen, die jeden Gaumen verw\u00f6hnen. Vom eleganten und fruchtigen\u00a0<a title=\"https:\/\/www.winzer24.de\/rotwein\/\" href=\"https:\/\/www.winzer24.de\/rotwein\/\" data-auth=\"NotApplicable\" data-linkindex=\"18\" data-ogsc=\"black\">Rotwein<\/a>\u00a0bis hin zum frischen und aromatischen\u00a0<a title=\"https:\/\/www.winzer24.de\/weisswein\/\" href=\"https:\/\/www.winzer24.de\/weisswein\/\" data-auth=\"NotApplicable\" data-linkindex=\"19\" data-ogsc=\"black\">Wei\u00dfwein<\/a>\u00a0bietet das Ch\u00e2teau f\u00fcr jeden Anlass den passenden Begleiter.<\/p>\n<h4><span id=\"x_chateau_la_pierriere_rouge_ein_klassiker_des_bordeaux\"><\/span>Ch\u00e2teau La Pierri\u00e8re Rouge: Ein Klassiker des Bordeaux<\/h4>\n<p>Der Ch\u00e2teau La Pierri\u00e8re Rouge ist der Inbegriff eines klassischen Bordeaux. Dieser Rotwein besticht durch seine tiefrote Farbe, seine Aromen von reifen Fr\u00fcchten, Gew\u00fcrzen und feinen R\u00f6staromen. Am Gaumen ist er vollmundig, elegant und harmonisch mit weichen Tanninen und einem langen, anhaltenden Abgang. Ein idealer Begleiter zu Fleischgerichten, K\u00e4se oder einfach nur zum Genie\u00dfen am Abend.<\/p>","protected":false},"excerpt":{"rendered":"<p>Die Weinberge von Ch\u00e2teau La Pierri\u00e8re: Ein Terroir mit Potenzial Das Geheimnis der au\u00dfergew\u00f6hnlichen Weine von Ch\u00e2teau La Pierri\u00e8re liegt in den einzigartigen Weinbergen. Die B\u00f6den, gepr\u00e4gt von Kalkstein und Lehm, bieten ideale Bedingungen f\u00fcr den Anbau von\u00a0Merlot,\u00a0Cabernet Sauvignonund Cabernet Franc \u2013 den klassischen Rebsorten des Bordeaux. Die sonnenverw\u00f6hnten H\u00e4nge und das g\u00fcnstige Mikroklima tragen [&hellip;]<\/p>\n","protected":false},"featured_media":5982,"template":"","meta":{"content-type":""},"product_brand":[],"product_cat":[54,145],"product_tag":[],"class_list":{"0":"post-5981","1":"product","2":"type-product","3":"status-publish","4":"has-post-thumbnail","6":"product_cat-getranke","7":"product_cat-wein","9":"first","10":"instock","11":"taxable","12":"shipping-taxable","13":"purchasable","14":"product-type-simple"},"_links":{"self":[{"href":"https:\/\/expovero.com\/en\/wp-json\/wp\/v2\/product\/5981","targetHints":{"allow":["GET"]}}],"collection":[{"href":"https:\/\/expovero.com\/en\/wp-json\/wp\/v2\/product"}],"about":[{"href":"https:\/\/expovero.com\/en\/wp-json\/wp\/v2\/types\/product"}],"wp:featuredmedia":[{"embeddable":true,"href":"https:\/\/expovero.com\/en\/wp-json\/wp\/v2\/media\/5982"}],"wp:attachment":[{"href":"https:\/\/expovero.com\/en\/wp-json\/wp\/v2\/media?parent=5981"}],"wp:term":[{"taxonomy":"product_brand","embeddable":true,"href":"https:\/\/expovero.com\/en\/wp-json\/wp\/v2\/product_brand?post=5981"},{"taxonomy":"product_cat","embeddable":true,"href":"https:\/\/expovero.com\/en\/wp-json\/wp\/v2\/product_cat?post=5981"},{"taxonomy":"product_tag","embeddable":true,"href":"https:\/\/expovero.com\/en\/wp-json\/wp\/v2\/product_tag?post=5981"}],"curies":[{"name":"wp","href":"https:\/\/api.w.org\/{rel}","templated":true}]}}