{"id":5979,"date":"2026-03-18T20:14:06","date_gmt":"2026-03-18T20:14:06","guid":{"rendered":"https:\/\/expovero.com\/?post_type=product&#038;p=5979"},"modified":"2026-03-31T17:15:27","modified_gmt":"2026-03-31T17:15:27","slug":"montgravet-merlot","status":"publish","type":"product","link":"https:\/\/expovero.com\/en\/product\/montgravet-merlot\/","title":{"rendered":"Montgravet Merlot"},"content":{"rendered":"<div data-olk-copy-source=\"MessageBody\">Weine aus der Region Languedoc-Roussillon werden in S\u00fcdfrankreich, von der Mittelmeerk\u00fcste bis zur Provence, angebaut. Cabernet Sauvignon, Merlot, Mourv\u00e8dre, Grenache und Syrah z\u00e4hlen zu den wichtigsten Rotweinsorten der Region.<\/div>\n<div><\/div>\n<div>Der Name setzt sich aus den beiden unterschiedlichen Regionen zusammen. Das Languedoc ist bekannt f\u00fcr fruchtbetonte und vollmundige Weine, die mitunter auch komplex sein k\u00f6nnen. Roussillon produziert reifere und saftigere Cuv\u00e9es sowie Sp\u00e4tlesen und Lik\u00f6rweine.<\/div>\n<div><\/div>\n<div>Die meisten Weing\u00fcter dieser Region setzen auf Cuv\u00e9es anstelle von reinsortigen Weinen.<\/div>","protected":false},"excerpt":{"rendered":"<p>Weine aus der Region Languedoc-Roussillon werden in S\u00fcdfrankreich, von der Mittelmeerk\u00fcste bis zur Provence, angebaut. Cabernet Sauvignon, Merlot, Mourv\u00e8dre, Grenache und Syrah z\u00e4hlen zu den wichtigsten Rotweinsorten der Region. Der Name setzt sich aus den beiden unterschiedlichen Regionen zusammen. Das Languedoc ist bekannt f\u00fcr fruchtbetonte und vollmundige Weine, die mitunter auch komplex sein k\u00f6nnen. Roussillon [&hellip;]<\/p>\n","protected":false},"featured_media":9510,"template":"","meta":{"content-type":""},"product_brand":[],"product_cat":[54,145],"product_tag":[],"class_list":{"0":"post-5979","1":"product","2":"type-product","3":"status-publish","4":"has-post-thumbnail","6":"product_cat-getranke","7":"product_cat-wein","9":"first","10":"instock","11":"taxable","12":"shipping-taxable","13":"purchasable","14":"product-type-simple"},"_links":{"self":[{"href":"https:\/\/expovero.com\/en\/wp-json\/wp\/v2\/product\/5979","targetHints":{"allow":["GET"]}}],"collection":[{"href":"https:\/\/expovero.com\/en\/wp-json\/wp\/v2\/product"}],"about":[{"href":"https:\/\/expovero.com\/en\/wp-json\/wp\/v2\/types\/product"}],"wp:featuredmedia":[{"embeddable":true,"href":"https:\/\/expovero.com\/en\/wp-json\/wp\/v2\/media\/9510"}],"wp:attachment":[{"href":"https:\/\/expovero.com\/en\/wp-json\/wp\/v2\/media?parent=5979"}],"wp:term":[{"taxonomy":"product_brand","embeddable":true,"href":"https:\/\/expovero.com\/en\/wp-json\/wp\/v2\/product_brand?post=5979"},{"taxonomy":"product_cat","embeddable":true,"href":"https:\/\/expovero.com\/en\/wp-json\/wp\/v2\/product_cat?post=5979"},{"taxonomy":"product_tag","embeddable":true,"href":"https:\/\/expovero.com\/en\/wp-json\/wp\/v2\/product_tag?post=5979"}],"curies":[{"name":"wp","href":"https:\/\/api.w.org\/{rel}","templated":true}]}}