{"id":5977,"date":"2026-03-18T20:13:20","date_gmt":"2026-03-18T20:13:20","guid":{"rendered":"https:\/\/expovero.com\/?post_type=product&#038;p=5977"},"modified":"2026-03-30T18:43:13","modified_gmt":"2026-03-30T18:43:13","slug":"regaliali-2","status":"publish","type":"product","link":"https:\/\/expovero.com\/en\/product\/regaliali-2\/","title":{"rendered":"Regaliali Nero\u00a0"},"content":{"rendered":"<p data-ogsc=\"rgb(51, 51, 51)\" data-olk-copy-source=\"MessageBody\">Dieser Nero d\u2019Avola aus Sizilien steht am Anfang der Erfolgsgeschichte des Weingutes. Mehr als 60 Jahrg\u00e4nge des Tasca d&#8217;Almerita Regaleali Nero d&#8217;Avola haben die Anh\u00e4ngerschaft in aller Welt immer weiter wachsen lassen.<\/p>\n<p data-ogsc=\"rgb(51, 51, 51)\">Der tief rubinrote Wein duftet herrlich vielschichtig nach Kirschen, Maulbeeren und Heidelbeeren, gepaart mit Ankl\u00e4ngen von Vanille und Salbei. Dazu kommt eine wunderbar fruchtige W\u00fcrze. Am Gaumen ist der italienische Rotwein geschmeidig, mit einer ausgewogen kr\u00e4ftigen Tanninstruktur und einem eindrucksvoll fruchtbetonten Nachklang. F\u00fcr ein halbes Jahr reiften 50% des Rotweins in 60 Hl gro\u00dfen Holzf\u00e4ssern aus slawonischer Eiche.<\/p>\n<p data-ogsc=\"rgb(51, 51, 51)\">Probieren Sie diesen Rotwein aus Sizilien wegen seiner reichen Tanninstruktur besonders zu rotem Fleisch oder auch zu Wild.<\/p>","protected":false},"excerpt":{"rendered":"<p>Dieser Nero d\u2019Avola aus Sizilien steht am Anfang der Erfolgsgeschichte des Weingutes. Mehr als 60 Jahrg\u00e4nge des Tasca d&#8217;Almerita Regaleali Nero d&#8217;Avola haben die Anh\u00e4ngerschaft in aller Welt immer weiter wachsen lassen. Der tief rubinrote Wein duftet herrlich vielschichtig nach Kirschen, Maulbeeren und Heidelbeeren, gepaart mit Ankl\u00e4ngen von Vanille und Salbei. Dazu kommt eine wunderbar [&hellip;]<\/p>\n","protected":false},"featured_media":9483,"template":"","meta":{"content-type":""},"product_brand":[],"product_cat":[54,145],"product_tag":[],"class_list":{"0":"post-5977","1":"product","2":"type-product","3":"status-publish","4":"has-post-thumbnail","6":"product_cat-getranke","7":"product_cat-wein","9":"first","10":"instock","11":"taxable","12":"shipping-taxable","13":"purchasable","14":"product-type-simple"},"_links":{"self":[{"href":"https:\/\/expovero.com\/en\/wp-json\/wp\/v2\/product\/5977","targetHints":{"allow":["GET"]}}],"collection":[{"href":"https:\/\/expovero.com\/en\/wp-json\/wp\/v2\/product"}],"about":[{"href":"https:\/\/expovero.com\/en\/wp-json\/wp\/v2\/types\/product"}],"wp:featuredmedia":[{"embeddable":true,"href":"https:\/\/expovero.com\/en\/wp-json\/wp\/v2\/media\/9483"}],"wp:attachment":[{"href":"https:\/\/expovero.com\/en\/wp-json\/wp\/v2\/media?parent=5977"}],"wp:term":[{"taxonomy":"product_brand","embeddable":true,"href":"https:\/\/expovero.com\/en\/wp-json\/wp\/v2\/product_brand?post=5977"},{"taxonomy":"product_cat","embeddable":true,"href":"https:\/\/expovero.com\/en\/wp-json\/wp\/v2\/product_cat?post=5977"},{"taxonomy":"product_tag","embeddable":true,"href":"https:\/\/expovero.com\/en\/wp-json\/wp\/v2\/product_tag?post=5977"}],"curies":[{"name":"wp","href":"https:\/\/api.w.org\/{rel}","templated":true}]}}