{"id":5975,"date":"2026-03-18T20:12:30","date_gmt":"2026-03-18T20:12:30","guid":{"rendered":"https:\/\/expovero.com\/?post_type=product&#038;p=5975"},"modified":"2026-03-30T18:57:39","modified_gmt":"2026-03-30T18:57:39","slug":"pfaffmann","status":"publish","type":"product","link":"https:\/\/expovero.com\/en\/product\/pfaffmann\/","title":{"rendered":"Pfaffmann Cuv\u00e9e Lara\u00a0"},"content":{"rendered":"<p data-ogsc=\"rgb(51, 51, 51)\" data-olk-copy-source=\"MessageBody\">Cuv\u00e9e Lara QbA trocken ist eine perfekte Verm\u00e4hlung aus F\u00fclle und Eleganz. Die fruchtige Note dieses Bouquets ist durch Schwarze Johannisbeere, gepaart mit Brombeeren und Pflaumen, gepr\u00e4gt. Seine Opulenz entfaltet dieser Wein mit einer warmen Mokkanote und einem lieblichen Vanillearoma. Die lange Ausbauzeit in Holzf\u00e4ssern sorgt f\u00fcr den Facettenreichtum und eine gelungene Harmonie dieses Weins. Diese Prestige-Rotwein-Cuv\u00e9e ist eine Mischung aus Cabernet Sauvignon und Merlot. Die Selektion bester Trauben und die sp\u00e4te Ernte verleihen diesem Wein seine besondere W\u00e4rme und Ausgewogenheit. Er stammt aus dem Weinanbaugebiet Walsheim aus sonnigen, gesch\u00fctzten Lagen. Der Auftritt des Weins ist rubinrot, mit violettfarbenen Schattierungen.<\/p>\n<p data-ogsc=\"rgb(51, 51, 51)\">Der Wein schmeckt bei einer Trinktemperatur von 16 \u00b0C am besten und sollte etwa zwei Stunden vor dem Genuss dekantiert werden. Cuv\u00e9e Lara ist ein perfekter Begleiter zu Lammgerichten, Rinderschmorbraten und Rindergulasch.<\/p>","protected":false},"excerpt":{"rendered":"<p>Cuv\u00e9e Lara QbA trocken ist eine perfekte Verm\u00e4hlung aus F\u00fclle und Eleganz. Die fruchtige Note dieses Bouquets ist durch Schwarze Johannisbeere, gepaart mit Brombeeren und Pflaumen, gepr\u00e4gt. Seine Opulenz entfaltet dieser Wein mit einer warmen Mokkanote und einem lieblichen Vanillearoma. Die lange Ausbauzeit in Holzf\u00e4ssern sorgt f\u00fcr den Facettenreichtum und eine gelungene Harmonie dieses Weins. [&hellip;]<\/p>\n","protected":false},"featured_media":9488,"template":"","meta":{"content-type":""},"product_brand":[],"product_cat":[54,145],"product_tag":[],"class_list":{"0":"post-5975","1":"product","2":"type-product","3":"status-publish","4":"has-post-thumbnail","6":"product_cat-getranke","7":"product_cat-wein","9":"first","10":"instock","11":"taxable","12":"shipping-taxable","13":"purchasable","14":"product-type-simple"},"_links":{"self":[{"href":"https:\/\/expovero.com\/en\/wp-json\/wp\/v2\/product\/5975","targetHints":{"allow":["GET"]}}],"collection":[{"href":"https:\/\/expovero.com\/en\/wp-json\/wp\/v2\/product"}],"about":[{"href":"https:\/\/expovero.com\/en\/wp-json\/wp\/v2\/types\/product"}],"wp:featuredmedia":[{"embeddable":true,"href":"https:\/\/expovero.com\/en\/wp-json\/wp\/v2\/media\/9488"}],"wp:attachment":[{"href":"https:\/\/expovero.com\/en\/wp-json\/wp\/v2\/media?parent=5975"}],"wp:term":[{"taxonomy":"product_brand","embeddable":true,"href":"https:\/\/expovero.com\/en\/wp-json\/wp\/v2\/product_brand?post=5975"},{"taxonomy":"product_cat","embeddable":true,"href":"https:\/\/expovero.com\/en\/wp-json\/wp\/v2\/product_cat?post=5975"},{"taxonomy":"product_tag","embeddable":true,"href":"https:\/\/expovero.com\/en\/wp-json\/wp\/v2\/product_tag?post=5975"}],"curies":[{"name":"wp","href":"https:\/\/api.w.org\/{rel}","templated":true}]}}