{"id":5973,"date":"2026-03-18T20:11:11","date_gmt":"2026-03-18T20:11:11","guid":{"rendered":"https:\/\/expovero.com\/?post_type=product&#038;p=5973"},"modified":"2026-03-30T18:02:48","modified_gmt":"2026-03-30T18:02:48","slug":"corte-major-roja","status":"publish","type":"product","link":"https:\/\/expovero.com\/en\/product\/corte-major-roja\/","title":{"rendered":"2020 Corte Mayor Rioja Reserva"},"content":{"rendered":"<p><span data-olk-copy-source=\"MessageBody\">Auf der Bodega Bar\u00f3n de Ley werden Weine im klassisch-eleganten Stil der Rioja erzeugt. Die rubinrote Corte Mayor Reserva erz\u00e4hlt davon mit ihrem verf\u00fchrerischen Duft von Kirschen, Pflaumen, schwarzem Tee, Vanille und Zigarrenkiste. Ihre Tannine sind fein, schmecken reif und erinnern an weiches Lakritz. Eine hochwertige Reserva von einem Erzeuger, der zur Spitze dieses exklusiven Gebiets z\u00e4hlt.<\/span><\/p>","protected":false},"excerpt":{"rendered":"<p>Auf der Bodega Bar\u00f3n de Ley werden Weine im klassisch-eleganten Stil der Rioja erzeugt. Die rubinrote Corte Mayor Reserva erz\u00e4hlt davon mit ihrem verf\u00fchrerischen Duft von Kirschen, Pflaumen, schwarzem Tee, Vanille und Zigarrenkiste. Ihre Tannine sind fein, schmecken reif und erinnern an weiches Lakritz. Eine hochwertige Reserva von einem Erzeuger, der zur Spitze dieses exklusiven [&hellip;]<\/p>\n","protected":false},"featured_media":9479,"template":"","meta":{"content-type":""},"product_brand":[],"product_cat":[54,145],"product_tag":[],"class_list":{"0":"post-5973","1":"product","2":"type-product","3":"status-publish","4":"has-post-thumbnail","6":"product_cat-getranke","7":"product_cat-wein","9":"first","10":"instock","11":"taxable","12":"shipping-taxable","13":"purchasable","14":"product-type-simple"},"_links":{"self":[{"href":"https:\/\/expovero.com\/en\/wp-json\/wp\/v2\/product\/5973","targetHints":{"allow":["GET"]}}],"collection":[{"href":"https:\/\/expovero.com\/en\/wp-json\/wp\/v2\/product"}],"about":[{"href":"https:\/\/expovero.com\/en\/wp-json\/wp\/v2\/types\/product"}],"wp:featuredmedia":[{"embeddable":true,"href":"https:\/\/expovero.com\/en\/wp-json\/wp\/v2\/media\/9479"}],"wp:attachment":[{"href":"https:\/\/expovero.com\/en\/wp-json\/wp\/v2\/media?parent=5973"}],"wp:term":[{"taxonomy":"product_brand","embeddable":true,"href":"https:\/\/expovero.com\/en\/wp-json\/wp\/v2\/product_brand?post=5973"},{"taxonomy":"product_cat","embeddable":true,"href":"https:\/\/expovero.com\/en\/wp-json\/wp\/v2\/product_cat?post=5973"},{"taxonomy":"product_tag","embeddable":true,"href":"https:\/\/expovero.com\/en\/wp-json\/wp\/v2\/product_tag?post=5973"}],"curies":[{"name":"wp","href":"https:\/\/api.w.org\/{rel}","templated":true}]}}