{"id":5971,"date":"2026-03-18T20:10:26","date_gmt":"2026-03-18T20:10:26","guid":{"rendered":"https:\/\/expovero.com\/?post_type=product&#038;p=5971"},"modified":"2026-03-30T18:46:36","modified_gmt":"2026-03-30T18:46:36","slug":"coste-meliac","status":"publish","type":"product","link":"https:\/\/expovero.com\/en\/product\/coste-meliac\/","title":{"rendered":"Coste Meliac"},"content":{"rendered":"<p><span data-olk-copy-source=\"MessageBody\">Der Coste Meliac Grenache Ros\u00e9 Pays d\u2019Oc ist ein Ros\u00e9wein. Er ist ein wundersch\u00f6ner, frischer und fruchtiger Ros\u00e9; Aromen von Brombeere und Himbeere sind sowohl in der Nase als auch am Gaumen pr\u00e4sent. Der Coste Meliac Grenache Ros\u00e9 Pays d\u2019Oc wird aus der Grenache-Traube hergestellt und stammt vom Weingut Les Hauts Coste M\u00e9liac in Frankreich.<\/span><\/p>","protected":false},"excerpt":{"rendered":"<p>Der Coste Meliac Grenache Ros\u00e9 Pays d\u2019Oc ist ein Ros\u00e9wein. Er ist ein wundersch\u00f6ner, frischer und fruchtiger Ros\u00e9; Aromen von Brombeere und Himbeere sind sowohl in der Nase als auch am Gaumen pr\u00e4sent. Der Coste Meliac Grenache Ros\u00e9 Pays d\u2019Oc wird aus der Grenache-Traube hergestellt und stammt vom Weingut Les Hauts Coste M\u00e9liac in Frankreich.<\/p>","protected":false},"featured_media":5972,"template":"","meta":{"content-type":""},"product_brand":[],"product_cat":[54,145],"product_tag":[],"class_list":{"0":"post-5971","1":"product","2":"type-product","3":"status-publish","4":"has-post-thumbnail","6":"product_cat-getranke","7":"product_cat-wein","9":"first","10":"instock","11":"taxable","12":"shipping-taxable","13":"purchasable","14":"product-type-simple"},"_links":{"self":[{"href":"https:\/\/expovero.com\/en\/wp-json\/wp\/v2\/product\/5971","targetHints":{"allow":["GET"]}}],"collection":[{"href":"https:\/\/expovero.com\/en\/wp-json\/wp\/v2\/product"}],"about":[{"href":"https:\/\/expovero.com\/en\/wp-json\/wp\/v2\/types\/product"}],"wp:featuredmedia":[{"embeddable":true,"href":"https:\/\/expovero.com\/en\/wp-json\/wp\/v2\/media\/5972"}],"wp:attachment":[{"href":"https:\/\/expovero.com\/en\/wp-json\/wp\/v2\/media?parent=5971"}],"wp:term":[{"taxonomy":"product_brand","embeddable":true,"href":"https:\/\/expovero.com\/en\/wp-json\/wp\/v2\/product_brand?post=5971"},{"taxonomy":"product_cat","embeddable":true,"href":"https:\/\/expovero.com\/en\/wp-json\/wp\/v2\/product_cat?post=5971"},{"taxonomy":"product_tag","embeddable":true,"href":"https:\/\/expovero.com\/en\/wp-json\/wp\/v2\/product_tag?post=5971"}],"curies":[{"name":"wp","href":"https:\/\/api.w.org\/{rel}","templated":true}]}}