{"id":5969,"date":"2026-03-18T20:09:38","date_gmt":"2026-03-18T20:09:38","guid":{"rendered":"https:\/\/expovero.com\/?post_type=product&#038;p=5969"},"modified":"2026-03-31T17:18:51","modified_gmt":"2026-03-31T17:18:51","slug":"torres-de-casta-rosado","status":"publish","type":"product","link":"https:\/\/expovero.com\/en\/product\/torres-de-casta-rosado\/","title":{"rendered":"Torres de casta rosado"},"content":{"rendered":"<div><span data-ogsc=\"rgb(87, 82, 91)\" data-olk-copy-source=\"MessageBody\">Brombeere\u00a0<\/span><span data-ogsc=\"rgb(17, 30, 39)\">,<\/span><b><span style=\"color: #111e27;\" data-ogsc=\"\" data-ogac=\"#111E27\">\u00a0<\/span>Rhabarber\u00a0,\u00a0Sauerkirsche\u00a0<\/b><span data-ogsc=\"rgb(17, 30, 39)\">und\u00a0<\/span><span data-ogsc=\"rgb(16, 53, 90)\">Schwarze Johannisbeere\u00a0<\/span><\/div>\n<div data-ogsc=\"rgb(17, 30, 39)\">\n<p data-ogsc=\"\">Der elegante De Casta Rosado DO bietet einen faszinierenden Duft von frischen \u00c4pfeln und saftigen Birnen<\/p>\n<p data-ogsc=\"\"><span data-ogsc=\"\">Genie\u00dfen Sie diesen Ros\u00e9weine optimal zu einem erfrischenden Spargelsalat mit Quinoa oder einem k\u00f6stlichen Fischcurry<\/span><\/p>\n<p data-ogsc=\"\">Der De Casta Rosado von Miguel Torres wird aus erstklassigen Cari\u00f1ena und Garnacha Trauben aus den kalkhaltigen B\u00f6den Kataloniens vinifiziert<\/p>\n<\/div>","protected":false},"excerpt":{"rendered":"<p>Brombeere\u00a0,\u00a0Rhabarber\u00a0,\u00a0Sauerkirsche\u00a0und\u00a0Schwarze Johannisbeere\u00a0 Der elegante De Casta Rosado DO bietet einen faszinierenden Duft von frischen \u00c4pfeln und saftigen Birnen Genie\u00dfen Sie diesen Ros\u00e9weine optimal zu einem erfrischenden Spargelsalat mit Quinoa oder einem k\u00f6stlichen Fischcurry Der De Casta Rosado von Miguel Torres wird aus erstklassigen Cari\u00f1ena und Garnacha Trauben aus den kalkhaltigen B\u00f6den Kataloniens vinifiziert<\/p>","protected":false},"featured_media":5970,"template":"","meta":{"content-type":""},"product_brand":[],"product_cat":[54,145],"product_tag":[],"class_list":{"0":"post-5969","1":"product","2":"type-product","3":"status-publish","4":"has-post-thumbnail","6":"product_cat-getranke","7":"product_cat-wein","9":"first","10":"instock","11":"taxable","12":"shipping-taxable","13":"purchasable","14":"product-type-simple"},"_links":{"self":[{"href":"https:\/\/expovero.com\/en\/wp-json\/wp\/v2\/product\/5969","targetHints":{"allow":["GET"]}}],"collection":[{"href":"https:\/\/expovero.com\/en\/wp-json\/wp\/v2\/product"}],"about":[{"href":"https:\/\/expovero.com\/en\/wp-json\/wp\/v2\/types\/product"}],"wp:featuredmedia":[{"embeddable":true,"href":"https:\/\/expovero.com\/en\/wp-json\/wp\/v2\/media\/5970"}],"wp:attachment":[{"href":"https:\/\/expovero.com\/en\/wp-json\/wp\/v2\/media?parent=5969"}],"wp:term":[{"taxonomy":"product_brand","embeddable":true,"href":"https:\/\/expovero.com\/en\/wp-json\/wp\/v2\/product_brand?post=5969"},{"taxonomy":"product_cat","embeddable":true,"href":"https:\/\/expovero.com\/en\/wp-json\/wp\/v2\/product_cat?post=5969"},{"taxonomy":"product_tag","embeddable":true,"href":"https:\/\/expovero.com\/en\/wp-json\/wp\/v2\/product_tag?post=5969"}],"curies":[{"name":"wp","href":"https:\/\/api.w.org\/{rel}","templated":true}]}}