{"id":5967,"date":"2026-03-18T20:09:04","date_gmt":"2026-03-18T20:09:04","guid":{"rendered":"https:\/\/expovero.com\/?post_type=product&#038;p=5967"},"modified":"2026-03-30T18:53:18","modified_gmt":"2026-03-30T18:53:18","slug":"la-forge-estate-rose","status":"publish","type":"product","link":"https:\/\/expovero.com\/en\/product\/la-forge-estate-rose\/","title":{"rendered":"La forge Estate Rose"},"content":{"rendered":"<p><span data-olk-copy-source=\"MessageBody\">Feiner Duft nach frischen Erdbeeren, konzentrierte Frucht mit Noten von Zitrusfr\u00fcchten, sehr elegant, zarter Schmelz. Von der Sonne verw\u00f6hnt und vinifiziert von einem qualifizierten Winemaker-Team unter der Leitung von Jean-Claude Mas. Der perfekte Sommerros\u00e9 zu leichten Salaten mit Gefl\u00fcgel oder Meeresfr\u00fcchten.<\/span><\/p>","protected":false},"excerpt":{"rendered":"<p>Feiner Duft nach frischen Erdbeeren, konzentrierte Frucht mit Noten von Zitrusfr\u00fcchten, sehr elegant, zarter Schmelz. Von der Sonne verw\u00f6hnt und vinifiziert von einem qualifizierten Winemaker-Team unter der Leitung von Jean-Claude Mas. Der perfekte Sommerros\u00e9 zu leichten Salaten mit Gefl\u00fcgel oder Meeresfr\u00fcchten.<\/p>","protected":false},"featured_media":5968,"template":"","meta":{"content-type":""},"product_brand":[],"product_cat":[54,145],"product_tag":[],"class_list":{"0":"post-5967","1":"product","2":"type-product","3":"status-publish","4":"has-post-thumbnail","6":"product_cat-getranke","7":"product_cat-wein","9":"first","10":"instock","11":"taxable","12":"shipping-taxable","13":"purchasable","14":"product-type-simple"},"_links":{"self":[{"href":"https:\/\/expovero.com\/en\/wp-json\/wp\/v2\/product\/5967","targetHints":{"allow":["GET"]}}],"collection":[{"href":"https:\/\/expovero.com\/en\/wp-json\/wp\/v2\/product"}],"about":[{"href":"https:\/\/expovero.com\/en\/wp-json\/wp\/v2\/types\/product"}],"wp:featuredmedia":[{"embeddable":true,"href":"https:\/\/expovero.com\/en\/wp-json\/wp\/v2\/media\/5968"}],"wp:attachment":[{"href":"https:\/\/expovero.com\/en\/wp-json\/wp\/v2\/media?parent=5967"}],"wp:term":[{"taxonomy":"product_brand","embeddable":true,"href":"https:\/\/expovero.com\/en\/wp-json\/wp\/v2\/product_brand?post=5967"},{"taxonomy":"product_cat","embeddable":true,"href":"https:\/\/expovero.com\/en\/wp-json\/wp\/v2\/product_cat?post=5967"},{"taxonomy":"product_tag","embeddable":true,"href":"https:\/\/expovero.com\/en\/wp-json\/wp\/v2\/product_tag?post=5967"}],"curies":[{"name":"wp","href":"https:\/\/api.w.org\/{rel}","templated":true}]}}