{"id":5965,"date":"2026-03-18T20:08:23","date_gmt":"2026-03-18T20:08:23","guid":{"rendered":"https:\/\/expovero.com\/?post_type=product&#038;p=5965"},"modified":"2026-03-30T18:54:07","modified_gmt":"2026-03-30T18:54:07","slug":"miraval","status":"publish","type":"product","link":"https:\/\/expovero.com\/en\/product\/miraval\/","title":{"rendered":"2024 Ch\u00e2teau Miraval Brad Pitt &#038;  Marc Perrin Miraval Ros\u00e9"},"content":{"rendered":"<p><span data-letter-spacing=\"0\" data-line-height=\"24.00\" data-font-size=\"14\" data-ogsc=\"rgb(51, 51, 51)\" data-olk-copy-source=\"MessageBody\">Der Miraval Ros\u00e9 ist ein \u00e4u\u00dferst eleganter Ros\u00e9, der nicht nur Glanzlichter setzt, weil er unter so prominenter Regie entsteht, sondern tats\u00e4chlich<\/span><strong data-ogsc=\"rgb(51, 51, 51)\"><span data-letter-spacing=\"0\" data-line-height=\"24.00\" data-font-size=\"14\" data-ogsc=\"\">\u00a0als einer der besten Ros\u00e9s der Provence gilt!<\/span><\/strong><span data-letter-spacing=\"0\" data-line-height=\"24.00\" data-font-size=\"14\" data-ogsc=\"rgb(51, 51, 51)\">\u00a0Sp\u00e4testens seit der Wine Spectator ihn unter die\u00a0<\/span><strong data-ogsc=\"rgb(51, 51, 51)\"><span data-letter-spacing=\"0\" data-line-height=\"24.00\" data-font-size=\"14\" data-ogsc=\"\">\u201eTOP 100 der besten Weine des Jahres 2014\u201c<\/span><\/strong><span data-letter-spacing=\"0\" data-line-height=\"24.00\" data-font-size=\"14\" data-ogsc=\"rgb(51, 51, 51)\">\u00a0z\u00e4hlte, will ihn jeder haben. Zu Recht, denn seine fantastischen Fruchtaromen von Erdbeeren werden von einer feinen mineralischen Note bereichert.\u00a0<\/span><strong data-ogsc=\"rgb(51, 51, 51)\"><span data-letter-spacing=\"0\" data-line-height=\"24.00\" data-font-size=\"14\" data-ogsc=\"\">Ein lebhaft frischer Ros\u00e9, der echten Sternenglanz ins Glas zaubert.<\/span><\/strong><\/p>","protected":false},"excerpt":{"rendered":"<p>Der Miraval Ros\u00e9 ist ein \u00e4u\u00dferst eleganter Ros\u00e9, der nicht nur Glanzlichter setzt, weil er unter so prominenter Regie entsteht, sondern tats\u00e4chlich\u00a0als einer der besten Ros\u00e9s der Provence gilt!\u00a0Sp\u00e4testens seit der Wine Spectator ihn unter die\u00a0\u201eTOP 100 der besten Weine des Jahres 2014\u201c\u00a0z\u00e4hlte, will ihn jeder haben. Zu Recht, denn seine fantastischen Fruchtaromen von Erdbeeren [&hellip;]<\/p>\n","protected":false},"featured_media":5966,"template":"","meta":{"content-type":""},"product_brand":[],"product_cat":[54,145],"product_tag":[],"class_list":{"0":"post-5965","1":"product","2":"type-product","3":"status-publish","4":"has-post-thumbnail","6":"product_cat-getranke","7":"product_cat-wein","9":"first","10":"instock","11":"taxable","12":"shipping-taxable","13":"purchasable","14":"product-type-simple"},"_links":{"self":[{"href":"https:\/\/expovero.com\/en\/wp-json\/wp\/v2\/product\/5965","targetHints":{"allow":["GET"]}}],"collection":[{"href":"https:\/\/expovero.com\/en\/wp-json\/wp\/v2\/product"}],"about":[{"href":"https:\/\/expovero.com\/en\/wp-json\/wp\/v2\/types\/product"}],"wp:featuredmedia":[{"embeddable":true,"href":"https:\/\/expovero.com\/en\/wp-json\/wp\/v2\/media\/5966"}],"wp:attachment":[{"href":"https:\/\/expovero.com\/en\/wp-json\/wp\/v2\/media?parent=5965"}],"wp:term":[{"taxonomy":"product_brand","embeddable":true,"href":"https:\/\/expovero.com\/en\/wp-json\/wp\/v2\/product_brand?post=5965"},{"taxonomy":"product_cat","embeddable":true,"href":"https:\/\/expovero.com\/en\/wp-json\/wp\/v2\/product_cat?post=5965"},{"taxonomy":"product_tag","embeddable":true,"href":"https:\/\/expovero.com\/en\/wp-json\/wp\/v2\/product_tag?post=5965"}],"curies":[{"name":"wp","href":"https:\/\/api.w.org\/{rel}","templated":true}]}}