{"id":5963,"date":"2026-03-18T20:07:33","date_gmt":"2026-03-18T20:07:33","guid":{"rendered":"https:\/\/expovero.com\/?post_type=product&#038;p=5963"},"modified":"2026-03-30T18:00:15","modified_gmt":"2026-03-30T18:00:15","slug":"chateau-saint-roch","status":"publish","type":"product","link":"https:\/\/expovero.com\/en\/product\/chateau-saint-roch\/","title":{"rendered":"Chateau Saint Roch"},"content":{"rendered":"<p data-ogsc=\"rgb(17, 30, 39)\" data-olk-copy-source=\"MessageBody\">Der Le Ros\u00e9 aus der Weinbau-Region Roussillon offenbart sich im Glas in brillant schimmerndem Farbton. Das Bouquet dieses Weins aus dem Roussillon zieht in den Bann mit Ankl\u00e4ngen von Zitrone, Pampelmuse, Orange und Limette.Gerade seine fruchtbetonte Art macht diesen Wein so besonders.<\/p>\n<p data-ogsc=\"rgb(17, 30, 39)\">Am Gaumen er\u00f6ffnet der Le Ros\u00e9 von Ch\u00e2teau Saint-Roch angengehmaromatisch, fruchtbetont und balanciert. Durch seine lebendige Fruchts\u00e4ure pr\u00e4sentiert sich der Le Ros\u00e9 am Gaumen herrlich frisch und lebendig.<\/p>\n<h2 data-ogsc=\"rgb(17, 30, 39)\">Vinifikation des Le Ros\u00e9 von Ch\u00e2teau Saint-Roch<\/h2>\n<p data-ogsc=\"rgb(17, 30, 39)\">Grundlage f\u00fcr den eleganten Le Ros\u00e9 aus Roussillon sind Trauben aus den Rebsorten Grenache, Grenache Gris und Mourv\u00e8dre. Die Trauben wachsen unter optimalen Bedingungen im Roussillon. Die Reben graben hier ihre Wurzeln tief in B\u00f6den aus Schiefer.<\/p>\n<h2 data-ogsc=\"rgb(17, 30, 39)\">Speiseempfehlung zum Ch\u00e2teau Saint-Roch Le Ros\u00e9<\/h2>\n<p data-ogsc=\"rgb(17, 30, 39)\">Dieser Franzose sollte am besten gut gek\u00fchlt bei 8 &#8211; 10\u00b0C genossen werden. Er eignet sich perfekt als Begleiter zu gebackenen Schafsk\u00e4se-P\u00e4ckchen, Zitronen-Chili-H\u00fchnchen mit Bulgur oder Gem\u00fcsesalat mit roter Beete.<\/p>","protected":false},"excerpt":{"rendered":"<p>Der Le Ros\u00e9 aus der Weinbau-Region Roussillon offenbart sich im Glas in brillant schimmerndem Farbton. Das Bouquet dieses Weins aus dem Roussillon zieht in den Bann mit Ankl\u00e4ngen von Zitrone, Pampelmuse, Orange und Limette.Gerade seine fruchtbetonte Art macht diesen Wein so besonders. Am Gaumen er\u00f6ffnet der Le Ros\u00e9 von Ch\u00e2teau Saint-Roch angengehmaromatisch, fruchtbetont und balanciert. [&hellip;]<\/p>\n","protected":false},"featured_media":5964,"template":"","meta":{"content-type":""},"product_brand":[],"product_cat":[54,145],"product_tag":[],"class_list":{"0":"post-5963","1":"product","2":"type-product","3":"status-publish","4":"has-post-thumbnail","6":"product_cat-getranke","7":"product_cat-wein","9":"first","10":"instock","11":"taxable","12":"shipping-taxable","13":"purchasable","14":"product-type-simple"},"_links":{"self":[{"href":"https:\/\/expovero.com\/en\/wp-json\/wp\/v2\/product\/5963","targetHints":{"allow":["GET"]}}],"collection":[{"href":"https:\/\/expovero.com\/en\/wp-json\/wp\/v2\/product"}],"about":[{"href":"https:\/\/expovero.com\/en\/wp-json\/wp\/v2\/types\/product"}],"wp:featuredmedia":[{"embeddable":true,"href":"https:\/\/expovero.com\/en\/wp-json\/wp\/v2\/media\/5964"}],"wp:attachment":[{"href":"https:\/\/expovero.com\/en\/wp-json\/wp\/v2\/media?parent=5963"}],"wp:term":[{"taxonomy":"product_brand","embeddable":true,"href":"https:\/\/expovero.com\/en\/wp-json\/wp\/v2\/product_brand?post=5963"},{"taxonomy":"product_cat","embeddable":true,"href":"https:\/\/expovero.com\/en\/wp-json\/wp\/v2\/product_cat?post=5963"},{"taxonomy":"product_tag","embeddable":true,"href":"https:\/\/expovero.com\/en\/wp-json\/wp\/v2\/product_tag?post=5963"}],"curies":[{"name":"wp","href":"https:\/\/api.w.org\/{rel}","templated":true}]}}