{"id":5961,"date":"2026-03-18T20:06:31","date_gmt":"2026-03-18T20:06:31","guid":{"rendered":"https:\/\/expovero.com\/?post_type=product&#038;p=5961"},"modified":"2026-03-30T18:44:19","modified_gmt":"2026-03-30T18:44:19","slug":"regtaliali-rose","status":"publish","type":"product","link":"https:\/\/expovero.com\/en\/product\/regtaliali-rose\/","title":{"rendered":"Regaliali Tasca"},"content":{"rendered":"<p><span data-olk-copy-source=\"MessageBody\">Der frisch-fruchtige Tasca d&#8217;Almerita Regaleali Le Ros\u00e9 vereint in seinem Bukett Noten von Erdbeeren und Kirschen mit leichten Nuancen von Rosen. Am Gaumen ist dieser Ros\u00e9, der die Saftigkeit der Wei\u00dfweine mit der fruchtigen Eleganz der Rotweine verbindet, knackig und fruchtig. Diese Kreation aus Nerello Mascalese-Trauben aus Sizilien wurde drei Monate im Stahltank ausgebaut. Der hellrot leuchtende Wein ist ein idealer Begleiter zu Pastagerichten, Tomatensuppe oder auch zu Fischgerichten.<\/span><\/p>","protected":false},"excerpt":{"rendered":"<p>Der frisch-fruchtige Tasca d&#8217;Almerita Regaleali Le Ros\u00e9 vereint in seinem Bukett Noten von Erdbeeren und Kirschen mit leichten Nuancen von Rosen. Am Gaumen ist dieser Ros\u00e9, der die Saftigkeit der Wei\u00dfweine mit der fruchtigen Eleganz der Rotweine verbindet, knackig und fruchtig. Diese Kreation aus Nerello Mascalese-Trauben aus Sizilien wurde drei Monate im Stahltank ausgebaut. Der [&hellip;]<\/p>\n","protected":false},"featured_media":9484,"template":"","meta":{"content-type":""},"product_brand":[],"product_cat":[54,145],"product_tag":[],"class_list":{"0":"post-5961","1":"product","2":"type-product","3":"status-publish","4":"has-post-thumbnail","6":"product_cat-getranke","7":"product_cat-wein","9":"first","10":"instock","11":"taxable","12":"shipping-taxable","13":"purchasable","14":"product-type-simple"},"_links":{"self":[{"href":"https:\/\/expovero.com\/en\/wp-json\/wp\/v2\/product\/5961","targetHints":{"allow":["GET"]}}],"collection":[{"href":"https:\/\/expovero.com\/en\/wp-json\/wp\/v2\/product"}],"about":[{"href":"https:\/\/expovero.com\/en\/wp-json\/wp\/v2\/types\/product"}],"wp:featuredmedia":[{"embeddable":true,"href":"https:\/\/expovero.com\/en\/wp-json\/wp\/v2\/media\/9484"}],"wp:attachment":[{"href":"https:\/\/expovero.com\/en\/wp-json\/wp\/v2\/media?parent=5961"}],"wp:term":[{"taxonomy":"product_brand","embeddable":true,"href":"https:\/\/expovero.com\/en\/wp-json\/wp\/v2\/product_brand?post=5961"},{"taxonomy":"product_cat","embeddable":true,"href":"https:\/\/expovero.com\/en\/wp-json\/wp\/v2\/product_cat?post=5961"},{"taxonomy":"product_tag","embeddable":true,"href":"https:\/\/expovero.com\/en\/wp-json\/wp\/v2\/product_tag?post=5961"}],"curies":[{"name":"wp","href":"https:\/\/api.w.org\/{rel}","templated":true}]}}