{"id":5959,"date":"2026-03-18T20:05:46","date_gmt":"2026-03-18T20:05:46","guid":{"rendered":"https:\/\/expovero.com\/?post_type=product&#038;p=5959"},"modified":"2026-03-30T18:58:13","modified_gmt":"2026-03-30T18:58:13","slug":"pink-heron-rose","status":"publish","type":"product","link":"https:\/\/expovero.com\/en\/product\/pink-heron-rose\/","title":{"rendered":"Pink Heron rose"},"content":{"rendered":"<p><span data-olk-copy-source=\"MessageBody\">Der Pink Heron Ros\u00e9 besticht durch seine wundersch\u00f6ne, zarte Lachsrosa-Farbe und seinen eleganten, fruchtigen Geschmack. Die verwendeten Cinsault-, Grenache- und Mourv\u00e8dre-Trauben stammen aus den besten Weinbergen S\u00fcdfrankreichs. Das macht diesen Ros\u00e9 zu einer k\u00f6stlichen Cuv\u00e9e. Der Pink Heron Ros\u00e9 ist die \u00dcberraschung dieses Sommers!<\/span><\/p>","protected":false},"excerpt":{"rendered":"<p>Der Pink Heron Ros\u00e9 besticht durch seine wundersch\u00f6ne, zarte Lachsrosa-Farbe und seinen eleganten, fruchtigen Geschmack. Die verwendeten Cinsault-, Grenache- und Mourv\u00e8dre-Trauben stammen aus den besten Weinbergen S\u00fcdfrankreichs. Das macht diesen Ros\u00e9 zu einer k\u00f6stlichen Cuv\u00e9e. Der Pink Heron Ros\u00e9 ist die \u00dcberraschung dieses Sommers!<\/p>","protected":false},"featured_media":5960,"template":"","meta":{"content-type":""},"product_brand":[],"product_cat":[54,145],"product_tag":[],"class_list":{"0":"post-5959","1":"product","2":"type-product","3":"status-publish","4":"has-post-thumbnail","6":"product_cat-getranke","7":"product_cat-wein","9":"first","10":"instock","11":"taxable","12":"shipping-taxable","13":"purchasable","14":"product-type-simple"},"_links":{"self":[{"href":"https:\/\/expovero.com\/en\/wp-json\/wp\/v2\/product\/5959","targetHints":{"allow":["GET"]}}],"collection":[{"href":"https:\/\/expovero.com\/en\/wp-json\/wp\/v2\/product"}],"about":[{"href":"https:\/\/expovero.com\/en\/wp-json\/wp\/v2\/types\/product"}],"wp:featuredmedia":[{"embeddable":true,"href":"https:\/\/expovero.com\/en\/wp-json\/wp\/v2\/media\/5960"}],"wp:attachment":[{"href":"https:\/\/expovero.com\/en\/wp-json\/wp\/v2\/media?parent=5959"}],"wp:term":[{"taxonomy":"product_brand","embeddable":true,"href":"https:\/\/expovero.com\/en\/wp-json\/wp\/v2\/product_brand?post=5959"},{"taxonomy":"product_cat","embeddable":true,"href":"https:\/\/expovero.com\/en\/wp-json\/wp\/v2\/product_cat?post=5959"},{"taxonomy":"product_tag","embeddable":true,"href":"https:\/\/expovero.com\/en\/wp-json\/wp\/v2\/product_tag?post=5959"}],"curies":[{"name":"wp","href":"https:\/\/api.w.org\/{rel}","templated":true}]}}