{"id":5957,"date":"2026-03-18T20:04:59","date_gmt":"2026-03-18T20:04:59","guid":{"rendered":"https:\/\/expovero.com\/?post_type=product&#038;p=5957"},"modified":"2026-03-30T18:45:58","modified_gmt":"2026-03-30T18:45:58","slug":"skai","status":"publish","type":"product","link":"https:\/\/expovero.com\/en\/product\/skai\/","title":{"rendered":"Skai"},"content":{"rendered":"<p><span data-olk-copy-source=\"MessageBody\">Entdecken Sie den Himmel! Skai ist alles, was ein gro\u00dfartiger Ros\u00e9 sein sollte &#8211; erfrischend, reichhaltig, k\u00f6stlich und befriedigend. Das f\u00e4ngt schon bei der Farbe an &#8211; ein wundersch\u00f6nes, helles Ros\u00e9 &#8211; und setzt sich fort mit einer blumigen Nasenexplosion mit Akzenten von Erdbeere, Orangenbl\u00fcte und Himbeere. Die einzigartige Mischung aus dem beliebten Tempranillo und dem weniger bekannten Prieto Picudo wird Sie begeistern. Egal, ob Sie eine Poolparty veranstalten, eine Sommerterrasse genie\u00dfen oder sich in einer Strandbar entspannen, dieser Ros\u00e9 ist perfekt f\u00fcr die sonnigen Tage.<\/span><\/p>","protected":false},"excerpt":{"rendered":"<p>Entdecken Sie den Himmel! Skai ist alles, was ein gro\u00dfartiger Ros\u00e9 sein sollte &#8211; erfrischend, reichhaltig, k\u00f6stlich und befriedigend. Das f\u00e4ngt schon bei der Farbe an &#8211; ein wundersch\u00f6nes, helles Ros\u00e9 &#8211; und setzt sich fort mit einer blumigen Nasenexplosion mit Akzenten von Erdbeere, Orangenbl\u00fcte und Himbeere. Die einzigartige Mischung aus dem beliebten Tempranillo und [&hellip;]<\/p>\n","protected":false},"featured_media":5958,"template":"","meta":{"content-type":""},"product_brand":[],"product_cat":[54,145],"product_tag":[],"class_list":{"0":"post-5957","1":"product","2":"type-product","3":"status-publish","4":"has-post-thumbnail","6":"product_cat-getranke","7":"product_cat-wein","9":"first","10":"instock","11":"taxable","12":"shipping-taxable","13":"purchasable","14":"product-type-simple"},"_links":{"self":[{"href":"https:\/\/expovero.com\/en\/wp-json\/wp\/v2\/product\/5957","targetHints":{"allow":["GET"]}}],"collection":[{"href":"https:\/\/expovero.com\/en\/wp-json\/wp\/v2\/product"}],"about":[{"href":"https:\/\/expovero.com\/en\/wp-json\/wp\/v2\/types\/product"}],"wp:featuredmedia":[{"embeddable":true,"href":"https:\/\/expovero.com\/en\/wp-json\/wp\/v2\/media\/5958"}],"wp:attachment":[{"href":"https:\/\/expovero.com\/en\/wp-json\/wp\/v2\/media?parent=5957"}],"wp:term":[{"taxonomy":"product_brand","embeddable":true,"href":"https:\/\/expovero.com\/en\/wp-json\/wp\/v2\/product_brand?post=5957"},{"taxonomy":"product_cat","embeddable":true,"href":"https:\/\/expovero.com\/en\/wp-json\/wp\/v2\/product_cat?post=5957"},{"taxonomy":"product_tag","embeddable":true,"href":"https:\/\/expovero.com\/en\/wp-json\/wp\/v2\/product_tag?post=5957"}],"curies":[{"name":"wp","href":"https:\/\/api.w.org\/{rel}","templated":true}]}}