{"id":5951,"date":"2026-03-18T20:02:11","date_gmt":"2026-03-18T20:02:11","guid":{"rendered":"https:\/\/expovero.com\/?post_type=product&#038;p=5951"},"modified":"2026-03-30T17:56:34","modified_gmt":"2026-03-30T17:56:34","slug":"aaldering-sauvignon","status":"publish","type":"product","link":"https:\/\/expovero.com\/en\/product\/aaldering-sauvignon\/","title":{"rendered":"Aaldering Sauvignon"},"content":{"rendered":"<p><span style=\"color: #333333; font-family: Open Sans,sans-serif;\" data-ogsc=\"\" data-ogac=\"#333333\"><span data-ogsc=\"\" data-olk-copy-source=\"MessageBody\">Der Aaldering Sauvignon Blanc aus Stellenbosch bietet ein herrlich animierendes Bukett mit Noten von Stachelbeere, Passionsfrucht und Ananas. Dazu weitere Noten von Kiwi und Limette. Am Gaumen vollmundig, mit knackiger S\u00e4ure, eleganten mineralischen T\u00f6nen und einer au\u00dfergew\u00f6hnlichen L\u00e4nge.<\/span><\/span><\/p>\n<p data-ogsc=\"rgb(51, 51, 51)\">Dieser Wei\u00dfwein ist ein weiteres Beispiel daf\u00fcr, warum das Weingut in kurzer Zeit zu einem der Aush\u00e4ngeschilder des s\u00fcdafrikanischen Weinbaus geworden ist. Akribische Arbeit im Weinberg und in der Kellerei, ein besonderes Augenmerk auf das Zusammenspiel mit der Natur und nicht zuletzt die hohen Anspr\u00fcche, die Marianne und Fons Aaldering an die Weine stellen, haben dem seit 2004 existierenden Gut zahlreiche internationale Preise eingebracht.<\/p>\n<p data-ogsc=\"rgb(51, 51, 51)\">Entdecken Sie den Aaldering Sauvignon Blanc aus Stellenbosch zu Austern, Sushi, Sashimi, mit Oliven\u00f6l gegrilltem Fisch, zu frischen Gartensalaten oder zu Ziegenk\u00e4se<\/p>","protected":false},"excerpt":{"rendered":"<p>Der Aaldering Sauvignon Blanc aus Stellenbosch bietet ein herrlich animierendes Bukett mit Noten von Stachelbeere, Passionsfrucht und Ananas. Dazu weitere Noten von Kiwi und Limette. Am Gaumen vollmundig, mit knackiger S\u00e4ure, eleganten mineralischen T\u00f6nen und einer au\u00dfergew\u00f6hnlichen L\u00e4nge. Dieser Wei\u00dfwein ist ein weiteres Beispiel daf\u00fcr, warum das Weingut in kurzer Zeit zu einem der Aush\u00e4ngeschilder [&hellip;]<\/p>\n","protected":false},"featured_media":5952,"template":"","meta":{"content-type":""},"product_brand":[],"product_cat":[54,145],"product_tag":[],"class_list":{"0":"post-5951","1":"product","2":"type-product","3":"status-publish","4":"has-post-thumbnail","6":"product_cat-getranke","7":"product_cat-wein","9":"first","10":"instock","11":"taxable","12":"shipping-taxable","13":"purchasable","14":"product-type-simple"},"_links":{"self":[{"href":"https:\/\/expovero.com\/en\/wp-json\/wp\/v2\/product\/5951","targetHints":{"allow":["GET"]}}],"collection":[{"href":"https:\/\/expovero.com\/en\/wp-json\/wp\/v2\/product"}],"about":[{"href":"https:\/\/expovero.com\/en\/wp-json\/wp\/v2\/types\/product"}],"wp:featuredmedia":[{"embeddable":true,"href":"https:\/\/expovero.com\/en\/wp-json\/wp\/v2\/media\/5952"}],"wp:attachment":[{"href":"https:\/\/expovero.com\/en\/wp-json\/wp\/v2\/media?parent=5951"}],"wp:term":[{"taxonomy":"product_brand","embeddable":true,"href":"https:\/\/expovero.com\/en\/wp-json\/wp\/v2\/product_brand?post=5951"},{"taxonomy":"product_cat","embeddable":true,"href":"https:\/\/expovero.com\/en\/wp-json\/wp\/v2\/product_cat?post=5951"},{"taxonomy":"product_tag","embeddable":true,"href":"https:\/\/expovero.com\/en\/wp-json\/wp\/v2\/product_tag?post=5951"}],"curies":[{"name":"wp","href":"https:\/\/api.w.org\/{rel}","templated":true}]}}