{"id":5944,"date":"2026-03-18T19:59:37","date_gmt":"2026-03-18T19:59:37","guid":{"rendered":"https:\/\/expovero.com\/?post_type=product&#038;p=5944"},"modified":"2026-03-30T18:51:10","modified_gmt":"2026-03-30T18:51:10","slug":"klausenberg-pinot-blanc","status":"publish","type":"product","link":"https:\/\/expovero.com\/en\/product\/klausenberg-pinot-blanc\/","title":{"rendered":"Klausenberg Pinot Blanc"},"content":{"rendered":"<p><span data-olk-copy-source=\"MessageBody\">Das feine Aroma von karamell, reifen \u00c4pfeln und Mandeln verleiht dem Geschmack Tiefe und Erdverbundhenheit. Im Mund ist der Pinot Blanc glasklar, K\u00f6rper und S\u00e4ure stehen in perfekter Balance und geben dem Wein einen trinkigen Charakter. Ein eleganter Pinot Blanc, dem es nicht an Dichte und Konzentration fehlt.<\/span><\/p>","protected":false},"excerpt":{"rendered":"<p>Das feine Aroma von karamell, reifen \u00c4pfeln und Mandeln verleiht dem Geschmack Tiefe und Erdverbundhenheit. Im Mund ist der Pinot Blanc glasklar, K\u00f6rper und S\u00e4ure stehen in perfekter Balance und geben dem Wein einen trinkigen Charakter. Ein eleganter Pinot Blanc, dem es nicht an Dichte und Konzentration fehlt.<\/p>","protected":false},"featured_media":5946,"template":"","meta":{"content-type":""},"product_brand":[],"product_cat":[54,145],"product_tag":[],"class_list":{"0":"post-5944","1":"product","2":"type-product","3":"status-publish","4":"has-post-thumbnail","6":"product_cat-getranke","7":"product_cat-wein","9":"first","10":"instock","11":"taxable","12":"shipping-taxable","13":"purchasable","14":"product-type-simple"},"_links":{"self":[{"href":"https:\/\/expovero.com\/en\/wp-json\/wp\/v2\/product\/5944","targetHints":{"allow":["GET"]}}],"collection":[{"href":"https:\/\/expovero.com\/en\/wp-json\/wp\/v2\/product"}],"about":[{"href":"https:\/\/expovero.com\/en\/wp-json\/wp\/v2\/types\/product"}],"wp:featuredmedia":[{"embeddable":true,"href":"https:\/\/expovero.com\/en\/wp-json\/wp\/v2\/media\/5946"}],"wp:attachment":[{"href":"https:\/\/expovero.com\/en\/wp-json\/wp\/v2\/media?parent=5944"}],"wp:term":[{"taxonomy":"product_brand","embeddable":true,"href":"https:\/\/expovero.com\/en\/wp-json\/wp\/v2\/product_brand?post=5944"},{"taxonomy":"product_cat","embeddable":true,"href":"https:\/\/expovero.com\/en\/wp-json\/wp\/v2\/product_cat?post=5944"},{"taxonomy":"product_tag","embeddable":true,"href":"https:\/\/expovero.com\/en\/wp-json\/wp\/v2\/product_tag?post=5944"}],"curies":[{"name":"wp","href":"https:\/\/api.w.org\/{rel}","templated":true}]}}