{"id":5942,"date":"2026-03-18T19:58:35","date_gmt":"2026-03-18T19:58:35","guid":{"rendered":"https:\/\/expovero.com\/?post_type=product&#038;p=5942"},"modified":"2026-03-30T18:48:49","modified_gmt":"2026-03-30T18:48:49","slug":"jaffelin-pouilly","status":"publish","type":"product","link":"https:\/\/expovero.com\/en\/product\/jaffelin-pouilly\/","title":{"rendered":"Jaffelin pouilly"},"content":{"rendered":"<p><span data-olk-copy-source=\"MessageBody\">Der Jaffelin Pouilly Fuisse ist ein k\u00f6stlicher Chardonnay des franz\u00f6sischen Weinguts Jaffelin. Er besticht durch fruchtige Aromen von Zitrusfr\u00fcchten, Ananas und Apfel. Dieser Wein passt wunderbar zu Fisch und K\u00e4se.<\/span><\/p>","protected":false},"excerpt":{"rendered":"<p>Der Jaffelin Pouilly Fuisse ist ein k\u00f6stlicher Chardonnay des franz\u00f6sischen Weinguts Jaffelin. Er besticht durch fruchtige Aromen von Zitrusfr\u00fcchten, Ananas und Apfel. Dieser Wein passt wunderbar zu Fisch und K\u00e4se.<\/p>","protected":false},"featured_media":5943,"template":"","meta":{"content-type":""},"product_brand":[],"product_cat":[54,145],"product_tag":[],"class_list":{"0":"post-5942","1":"product","2":"type-product","3":"status-publish","4":"has-post-thumbnail","6":"product_cat-getranke","7":"product_cat-wein","9":"first","10":"instock","11":"taxable","12":"shipping-taxable","13":"purchasable","14":"product-type-simple"},"_links":{"self":[{"href":"https:\/\/expovero.com\/en\/wp-json\/wp\/v2\/product\/5942","targetHints":{"allow":["GET"]}}],"collection":[{"href":"https:\/\/expovero.com\/en\/wp-json\/wp\/v2\/product"}],"about":[{"href":"https:\/\/expovero.com\/en\/wp-json\/wp\/v2\/types\/product"}],"wp:featuredmedia":[{"embeddable":true,"href":"https:\/\/expovero.com\/en\/wp-json\/wp\/v2\/media\/5943"}],"wp:attachment":[{"href":"https:\/\/expovero.com\/en\/wp-json\/wp\/v2\/media?parent=5942"}],"wp:term":[{"taxonomy":"product_brand","embeddable":true,"href":"https:\/\/expovero.com\/en\/wp-json\/wp\/v2\/product_brand?post=5942"},{"taxonomy":"product_cat","embeddable":true,"href":"https:\/\/expovero.com\/en\/wp-json\/wp\/v2\/product_cat?post=5942"},{"taxonomy":"product_tag","embeddable":true,"href":"https:\/\/expovero.com\/en\/wp-json\/wp\/v2\/product_tag?post=5942"}],"curies":[{"name":"wp","href":"https:\/\/api.w.org\/{rel}","templated":true}]}}