{"id":5940,"date":"2026-03-18T19:57:41","date_gmt":"2026-03-18T19:57:41","guid":{"rendered":"https:\/\/expovero.com\/?post_type=product&#038;p=5940"},"modified":"2026-03-30T18:55:58","modified_gmt":"2026-03-30T18:55:58","slug":"peter-zimmer-pino-grigio","status":"publish","type":"product","link":"https:\/\/expovero.com\/en\/product\/peter-zimmer-pino-grigio\/","title":{"rendered":"Peter Zimmer Pino Grigio"},"content":{"rendered":"<p><span style=\"color: #111e27; font-family: -apple-system,BlinkMacSystemFont,Segoe UI,Roboto,Helvetica,Arial,sans-serif,Apple Color Emoji,Segoe UI Emoji,Segoe UI Symbol;\" data-ogsc=\"\" data-ogac=\"#111E27\"><span data-ogsc=\"\" data-olk-copy-source=\"MessageBody\">Der Pinot Grigio S\u00fcdtirol DOC von Peter Zemmer begeistert mit einem eleganten und trockenem Geschmacksbild, das dem Gaumen eine wunderbare Leichtigkeit schenkt<\/span><\/span><\/p>\n<p data-ogsc=\"rgb(17, 30, 39)\">Genie\u00dfen Sie diesen Wei\u00dfwein perfekt gek\u00fchlt zu erfrischenden Gem\u00fcsesalaten oder asiatischen Gerichten, die seine fruchtige Frische wunderbar erg\u00e4nzen<\/p>\n<p data-ogsc=\"rgb(17, 30, 39)\">Hergestellt aus der hochwertigen Rebsorte Grauburgunder, gedeiht dieser exquisite Wein in der renommierten Weinregion Alto Adige, wo die besten Bedingungen f\u00fcr seine Erzeugung herrschen<\/p>","protected":false},"excerpt":{"rendered":"<p>Der Pinot Grigio S\u00fcdtirol DOC von Peter Zemmer begeistert mit einem eleganten und trockenem Geschmacksbild, das dem Gaumen eine wunderbare Leichtigkeit schenkt Genie\u00dfen Sie diesen Wei\u00dfwein perfekt gek\u00fchlt zu erfrischenden Gem\u00fcsesalaten oder asiatischen Gerichten, die seine fruchtige Frische wunderbar erg\u00e4nzen Hergestellt aus der hochwertigen Rebsorte Grauburgunder, gedeiht dieser exquisite Wein in der renommierten Weinregion Alto [&hellip;]<\/p>\n","protected":false},"featured_media":5941,"template":"","meta":{"content-type":""},"product_brand":[],"product_cat":[54,145],"product_tag":[],"class_list":{"0":"post-5940","1":"product","2":"type-product","3":"status-publish","4":"has-post-thumbnail","6":"product_cat-getranke","7":"product_cat-wein","9":"first","10":"instock","11":"taxable","12":"shipping-taxable","13":"purchasable","14":"product-type-simple"},"_links":{"self":[{"href":"https:\/\/expovero.com\/en\/wp-json\/wp\/v2\/product\/5940","targetHints":{"allow":["GET"]}}],"collection":[{"href":"https:\/\/expovero.com\/en\/wp-json\/wp\/v2\/product"}],"about":[{"href":"https:\/\/expovero.com\/en\/wp-json\/wp\/v2\/types\/product"}],"wp:featuredmedia":[{"embeddable":true,"href":"https:\/\/expovero.com\/en\/wp-json\/wp\/v2\/media\/5941"}],"wp:attachment":[{"href":"https:\/\/expovero.com\/en\/wp-json\/wp\/v2\/media?parent=5940"}],"wp:term":[{"taxonomy":"product_brand","embeddable":true,"href":"https:\/\/expovero.com\/en\/wp-json\/wp\/v2\/product_brand?post=5940"},{"taxonomy":"product_cat","embeddable":true,"href":"https:\/\/expovero.com\/en\/wp-json\/wp\/v2\/product_cat?post=5940"},{"taxonomy":"product_tag","embeddable":true,"href":"https:\/\/expovero.com\/en\/wp-json\/wp\/v2\/product_tag?post=5940"}],"curies":[{"name":"wp","href":"https:\/\/api.w.org\/{rel}","templated":true}]}}