{"id":5938,"date":"2026-03-18T19:56:47","date_gmt":"2026-03-18T19:56:47","guid":{"rendered":"https:\/\/expovero.com\/?post_type=product&#038;p=5938"},"modified":"2026-03-31T17:17:53","modified_gmt":"2026-03-31T17:17:53","slug":"terran-pino-grigio","status":"publish","type":"product","link":"https:\/\/expovero.com\/en\/product\/terran-pino-grigio\/","title":{"rendered":"Terran Pino Grigio"},"content":{"rendered":"<p><span data-ogsc=\"rgb(50, 50, 50)\" data-ogsb=\"rgb(242, 242, 242)\" data-olk-copy-source=\"MessageBody\">Mitten im Weinbaugebiet Terlan wurde im Jahr 1893 eine der ersten Kellereigenossenschaften S\u00fcdtirols gegr\u00fcndet. Damals setzten sich 24 Weinbauern das Ziel der gemeinsamen Produktion und Absatzf\u00f6rderung. Heute geh\u00f6rt die Kellerei Terlan mit ca. 120 Mitgliedern, einer Anbaufl\u00e4che von 150 ha und einer Gesamtjahresproduktion von 18.000 hl bzw. 1,4 Mio. Flaschen zu den kleineren Betrieben des Landes. Die \u00fcberschaubare Gr\u00f6\u00dfe tr\u00e4gt wesentlich zur Qualit\u00e4tssicherung bei. Unter der sachkundigen Kontrolle des \u00d6nologen Rudi Kofler reifen im modernen Kellereibetrieb 70% Wei\u00dfund 30% Rotweine, die allesamt die D.O.C.-Klassifizierung haben.<\/span><\/p>\n<p><span data-ogsc=\"rgb(50, 50, 50)\" data-ogsb=\"rgb(242, 242, 242)\">Terlaner Weine haben die Besonderheiten von Klima und Boden in sich gespeichert. Bei ihrem sorgsamen Ausbau wird gr\u00f6\u00dfter Wert auf die Erhaltung und Betonung des Gebietstyps gelegt. Das Ergebnis sind unverwechselbare, sehr eigenwillige Weine, die sich durch Frucht und Rasse, aber auch durch bestechende Dichte und Langlebigkeit auszeichnen. Die Weine aus der \u201eWeing\u00fcter-Linie\u201c stammen von ausgesuchten Weinberglagen Terlans. Das vollreife, selektionierte Lesegut wird getrennt nach seiner Herkunft ein Jahr lang im gro\u00dfen Holzfass ausgebaut. Erst nach optimaler Flaschenreife kommen diese eigenst\u00e4ndigen, besonders charaktervollen Weine in den Verkauf.<\/span><\/p>","protected":false},"excerpt":{"rendered":"<p>Mitten im Weinbaugebiet Terlan wurde im Jahr 1893 eine der ersten Kellereigenossenschaften S\u00fcdtirols gegr\u00fcndet. Damals setzten sich 24 Weinbauern das Ziel der gemeinsamen Produktion und Absatzf\u00f6rderung. Heute geh\u00f6rt die Kellerei Terlan mit ca. 120 Mitgliedern, einer Anbaufl\u00e4che von 150 ha und einer Gesamtjahresproduktion von 18.000 hl bzw. 1,4 Mio. Flaschen zu den kleineren Betrieben des [&hellip;]<\/p>\n","protected":false},"featured_media":9511,"template":"","meta":{"content-type":""},"product_brand":[],"product_cat":[54,145],"product_tag":[],"class_list":{"0":"post-5938","1":"product","2":"type-product","3":"status-publish","4":"has-post-thumbnail","6":"product_cat-getranke","7":"product_cat-wein","9":"first","10":"instock","11":"taxable","12":"shipping-taxable","13":"purchasable","14":"product-type-simple"},"_links":{"self":[{"href":"https:\/\/expovero.com\/en\/wp-json\/wp\/v2\/product\/5938","targetHints":{"allow":["GET"]}}],"collection":[{"href":"https:\/\/expovero.com\/en\/wp-json\/wp\/v2\/product"}],"about":[{"href":"https:\/\/expovero.com\/en\/wp-json\/wp\/v2\/types\/product"}],"wp:featuredmedia":[{"embeddable":true,"href":"https:\/\/expovero.com\/en\/wp-json\/wp\/v2\/media\/9511"}],"wp:attachment":[{"href":"https:\/\/expovero.com\/en\/wp-json\/wp\/v2\/media?parent=5938"}],"wp:term":[{"taxonomy":"product_brand","embeddable":true,"href":"https:\/\/expovero.com\/en\/wp-json\/wp\/v2\/product_brand?post=5938"},{"taxonomy":"product_cat","embeddable":true,"href":"https:\/\/expovero.com\/en\/wp-json\/wp\/v2\/product_cat?post=5938"},{"taxonomy":"product_tag","embeddable":true,"href":"https:\/\/expovero.com\/en\/wp-json\/wp\/v2\/product_tag?post=5938"}],"curies":[{"name":"wp","href":"https:\/\/api.w.org\/{rel}","templated":true}]}}