{"id":5934,"date":"2026-03-18T19:53:07","date_gmt":"2026-03-18T19:53:07","guid":{"rendered":"https:\/\/expovero.com\/?post_type=product&#038;p=5934"},"modified":"2026-03-30T18:52:16","modified_gmt":"2026-03-30T18:52:16","slug":"kloster","status":"publish","type":"product","link":"https:\/\/expovero.com\/en\/product\/kloster\/","title":{"rendered":"Kloster Eberbach &#8211; Riesling 2024\u00a0"},"content":{"rendered":"<p><span data-olk-copy-source=\"MessageBody\">Der feinherbe Riesling von Kloster Eberbach gl\u00e4nzt hellgelb im Glas, duftet nach reifem Pfirsich, Zitrus und wei\u00dfen Bl\u00fcten und zeigt am Gaumen ein animierendes Spiel aus Frucht, Mineralit\u00e4t und feiner Rests\u00fc\u00dfe. Schlank, lebhaft und dank Schraubverschluss jederzeit einsatzbereit, begleitet er m\u00fchelos Salate, asiatische K\u00fcche oder W\u00fcrziges vom Grill \u2013 ideal f\u00fcr Terrasse, Garten und spontane Genussmomente.<\/span><\/p>","protected":false},"excerpt":{"rendered":"<p>Der feinherbe Riesling von Kloster Eberbach gl\u00e4nzt hellgelb im Glas, duftet nach reifem Pfirsich, Zitrus und wei\u00dfen Bl\u00fcten und zeigt am Gaumen ein animierendes Spiel aus Frucht, Mineralit\u00e4t und feiner Rests\u00fc\u00dfe. Schlank, lebhaft und dank Schraubverschluss jederzeit einsatzbereit, begleitet er m\u00fchelos Salate, asiatische K\u00fcche oder W\u00fcrziges vom Grill \u2013 ideal f\u00fcr Terrasse, Garten und spontane [&hellip;]<\/p>\n","protected":false},"featured_media":9487,"template":"","meta":{"content-type":""},"product_brand":[],"product_cat":[54,145],"product_tag":[],"class_list":{"0":"post-5934","1":"product","2":"type-product","3":"status-publish","4":"has-post-thumbnail","6":"product_cat-getranke","7":"product_cat-wein","9":"first","10":"instock","11":"taxable","12":"shipping-taxable","13":"purchasable","14":"product-type-simple"},"_links":{"self":[{"href":"https:\/\/expovero.com\/en\/wp-json\/wp\/v2\/product\/5934","targetHints":{"allow":["GET"]}}],"collection":[{"href":"https:\/\/expovero.com\/en\/wp-json\/wp\/v2\/product"}],"about":[{"href":"https:\/\/expovero.com\/en\/wp-json\/wp\/v2\/types\/product"}],"wp:featuredmedia":[{"embeddable":true,"href":"https:\/\/expovero.com\/en\/wp-json\/wp\/v2\/media\/9487"}],"wp:attachment":[{"href":"https:\/\/expovero.com\/en\/wp-json\/wp\/v2\/media?parent=5934"}],"wp:term":[{"taxonomy":"product_brand","embeddable":true,"href":"https:\/\/expovero.com\/en\/wp-json\/wp\/v2\/product_brand?post=5934"},{"taxonomy":"product_cat","embeddable":true,"href":"https:\/\/expovero.com\/en\/wp-json\/wp\/v2\/product_cat?post=5934"},{"taxonomy":"product_tag","embeddable":true,"href":"https:\/\/expovero.com\/en\/wp-json\/wp\/v2\/product_tag?post=5934"}],"curies":[{"name":"wp","href":"https:\/\/api.w.org\/{rel}","templated":true}]}}