{"id":5932,"date":"2026-03-18T19:52:12","date_gmt":"2026-03-18T19:52:12","guid":{"rendered":"https:\/\/expovero.com\/?post_type=product&#038;p=5932"},"modified":"2026-03-30T18:50:24","modified_gmt":"2026-03-30T18:50:24","slug":"kirchner","status":"publish","type":"product","link":"https:\/\/expovero.com\/en\/product\/kirchner\/","title":{"rendered":"Weingut Kirchner"},"content":{"rendered":"<p><span data-ogsb=\"white\" data-olk-copy-source=\"MessageBody\">\u00a0<\/span><span data-ogsc=\"rgb(91, 96, 100)\" data-ogsb=\"white\">Duft nach Honigmelone, Zitrone und etwas Apfel, etwas s\u00fc\u00dfliche reife Frucht, feine S\u00e4ure, harmonische Vanille-T\u00f6ne, feine Holzkomponenten, komplex und ausgewogen<\/span><\/p>","protected":false},"excerpt":{"rendered":"<p>\u00a0Duft nach Honigmelone, Zitrone und etwas Apfel, etwas s\u00fc\u00dfliche reife Frucht, feine S\u00e4ure, harmonische Vanille-T\u00f6ne, feine Holzkomponenten, komplex und ausgewogen<\/p>","protected":false},"featured_media":9486,"template":"","meta":{"content-type":""},"product_brand":[],"product_cat":[54,145],"product_tag":[],"class_list":{"0":"post-5932","1":"product","2":"type-product","3":"status-publish","4":"has-post-thumbnail","6":"product_cat-getranke","7":"product_cat-wein","9":"first","10":"instock","11":"taxable","12":"shipping-taxable","13":"purchasable","14":"product-type-simple"},"_links":{"self":[{"href":"https:\/\/expovero.com\/en\/wp-json\/wp\/v2\/product\/5932","targetHints":{"allow":["GET"]}}],"collection":[{"href":"https:\/\/expovero.com\/en\/wp-json\/wp\/v2\/product"}],"about":[{"href":"https:\/\/expovero.com\/en\/wp-json\/wp\/v2\/types\/product"}],"wp:featuredmedia":[{"embeddable":true,"href":"https:\/\/expovero.com\/en\/wp-json\/wp\/v2\/media\/9486"}],"wp:attachment":[{"href":"https:\/\/expovero.com\/en\/wp-json\/wp\/v2\/media?parent=5932"}],"wp:term":[{"taxonomy":"product_brand","embeddable":true,"href":"https:\/\/expovero.com\/en\/wp-json\/wp\/v2\/product_brand?post=5932"},{"taxonomy":"product_cat","embeddable":true,"href":"https:\/\/expovero.com\/en\/wp-json\/wp\/v2\/product_cat?post=5932"},{"taxonomy":"product_tag","embeddable":true,"href":"https:\/\/expovero.com\/en\/wp-json\/wp\/v2\/product_tag?post=5932"}],"curies":[{"name":"wp","href":"https:\/\/api.w.org\/{rel}","templated":true}]}}