{"id":5930,"date":"2026-03-18T19:51:23","date_gmt":"2026-03-18T19:51:23","guid":{"rendered":"https:\/\/expovero.com\/?post_type=product&#038;p=5930"},"modified":"2026-03-30T17:55:45","modified_gmt":"2026-03-30T17:55:45","slug":"capelania-rioja-reserva","status":"publish","type":"product","link":"https:\/\/expovero.com\/en\/product\/capelania-rioja-reserva\/","title":{"rendered":"Capellan\u00eda 2020"},"content":{"rendered":"<p data-ogsc=\"rgb(17, 17, 17)\" data-olk-copy-source=\"MessageBody\">Capellan\u00eda wird aus Trauben der Rebsorte Viura eines einzigen Weinbergs hergestellt, der 1945 gepflanzt wurde und auf einer Hochebene auf 485 Metern \u00fcber dem Meeresspiegel liegt, in der h\u00f6chstgelegenen Gegend der Finca Ygay, Eigentum der Bodega. Es handelt sich dabei um einen grossen Weisswein, dank seiner erstaunlichen Komplexit\u00e4t gastronomisch sehr vielf\u00e4ltig einsetzbar, mit Aromen, die von frischen Mandeln \u00fcber delikat eingelegte Fr\u00fcchte bis hin zu einer besonderen Salzigkeit und R\u00f6stnoten reichen; ein ernstes Bouquet mit Tiefgang. Am Gaumen ist er m\u00e4chtig und elegant, frisch und mit knackiger Frucht in seiner Jugend, mit einer guten S\u00e4ure, die ihm das Leben um einige Jahre verl\u00e4ngern wird, volumin\u00f6s, mit einer raffinierten Cremigkeit, einem sehr sch\u00f6n integrierten Hauch von Karamell und einem Hintergrund von Kamille, Honignoten, getrockneten Aprikosen und anderen getrockneten Steinfr\u00fcchten.<\/p>\n<p data-ogsc=\"rgb(17, 17, 17)\">In wenigen Worten, ein grosser Weisswein mit der Seele eines Rotweins.<\/p>","protected":false},"excerpt":{"rendered":"<p>Capellan\u00eda wird aus Trauben der Rebsorte Viura eines einzigen Weinbergs hergestellt, der 1945 gepflanzt wurde und auf einer Hochebene auf 485 Metern \u00fcber dem Meeresspiegel liegt, in der h\u00f6chstgelegenen Gegend der Finca Ygay, Eigentum der Bodega. Es handelt sich dabei um einen grossen Weisswein, dank seiner erstaunlichen Komplexit\u00e4t gastronomisch sehr vielf\u00e4ltig einsetzbar, mit Aromen, die [&hellip;]<\/p>\n","protected":false},"featured_media":9475,"template":"","meta":{"content-type":""},"product_brand":[],"product_cat":[54,145],"product_tag":[],"class_list":{"0":"post-5930","1":"product","2":"type-product","3":"status-publish","4":"has-post-thumbnail","6":"product_cat-getranke","7":"product_cat-wein","9":"first","10":"instock","11":"taxable","12":"shipping-taxable","13":"purchasable","14":"product-type-simple"},"_links":{"self":[{"href":"https:\/\/expovero.com\/en\/wp-json\/wp\/v2\/product\/5930","targetHints":{"allow":["GET"]}}],"collection":[{"href":"https:\/\/expovero.com\/en\/wp-json\/wp\/v2\/product"}],"about":[{"href":"https:\/\/expovero.com\/en\/wp-json\/wp\/v2\/types\/product"}],"wp:featuredmedia":[{"embeddable":true,"href":"https:\/\/expovero.com\/en\/wp-json\/wp\/v2\/media\/9475"}],"wp:attachment":[{"href":"https:\/\/expovero.com\/en\/wp-json\/wp\/v2\/media?parent=5930"}],"wp:term":[{"taxonomy":"product_brand","embeddable":true,"href":"https:\/\/expovero.com\/en\/wp-json\/wp\/v2\/product_brand?post=5930"},{"taxonomy":"product_cat","embeddable":true,"href":"https:\/\/expovero.com\/en\/wp-json\/wp\/v2\/product_cat?post=5930"},{"taxonomy":"product_tag","embeddable":true,"href":"https:\/\/expovero.com\/en\/wp-json\/wp\/v2\/product_tag?post=5930"}],"curies":[{"name":"wp","href":"https:\/\/api.w.org\/{rel}","templated":true}]}}