{"id":5926,"date":"2026-03-18T19:49:48","date_gmt":"2026-03-18T19:49:48","guid":{"rendered":"https:\/\/expovero.com\/?post_type=product&#038;p=5926"},"modified":"2026-03-31T17:19:51","modified_gmt":"2026-03-31T17:19:51","slug":"von-buhl-weisburgunder","status":"publish","type":"product","link":"https:\/\/expovero.com\/en\/product\/von-buhl-weisburgunder\/","title":{"rendered":"2024\u00a0Von Buhl Weissburgunder"},"content":{"rendered":"<h2><\/h2>\n<div>\n<div>\n<div>\n<div>Duftig und mit frischer, animierender S\u00e4ure ist der Wei\u00dfbrugunder vom traditionsreichen Weingut Reichsrat von Buhl. Das Familiengut steht seit 150 Jahren f\u00fcr einen terroirgepr\u00e4gten, zeitlosen Stil, der das Beste jeder Rebsorte hervorbringt. Hier ist es das Aroma saftiger, reifer Birnen, das den Wein vom ersten Moment an so verf\u00fchrerisch macht. Es paart sich mit ganz zarter W\u00fcrze. Ein herrlich frischer Wei\u00dfer f\u00fcr jeden Abend!<\/div>\n<\/div>\n<\/div>\n<\/div>","protected":false},"excerpt":{"rendered":"<p>Duftig und mit frischer, animierender S\u00e4ure ist der Wei\u00dfbrugunder vom traditionsreichen Weingut Reichsrat von Buhl. Das Familiengut steht seit 150 Jahren f\u00fcr einen terroirgepr\u00e4gten, zeitlosen Stil, der das Beste jeder Rebsorte hervorbringt. Hier ist es das Aroma saftiger, reifer Birnen, das den Wein vom ersten Moment an so verf\u00fchrerisch macht. Es paart sich mit ganz [&hellip;]<\/p>\n","protected":false},"featured_media":9512,"template":"","meta":{"content-type":""},"product_brand":[],"product_cat":[54,145],"product_tag":[],"class_list":{"0":"post-5926","1":"product","2":"type-product","3":"status-publish","4":"has-post-thumbnail","6":"product_cat-getranke","7":"product_cat-wein","9":"first","10":"instock","11":"taxable","12":"shipping-taxable","13":"purchasable","14":"product-type-simple"},"_links":{"self":[{"href":"https:\/\/expovero.com\/en\/wp-json\/wp\/v2\/product\/5926","targetHints":{"allow":["GET"]}}],"collection":[{"href":"https:\/\/expovero.com\/en\/wp-json\/wp\/v2\/product"}],"about":[{"href":"https:\/\/expovero.com\/en\/wp-json\/wp\/v2\/types\/product"}],"wp:featuredmedia":[{"embeddable":true,"href":"https:\/\/expovero.com\/en\/wp-json\/wp\/v2\/media\/9512"}],"wp:attachment":[{"href":"https:\/\/expovero.com\/en\/wp-json\/wp\/v2\/media?parent=5926"}],"wp:term":[{"taxonomy":"product_brand","embeddable":true,"href":"https:\/\/expovero.com\/en\/wp-json\/wp\/v2\/product_brand?post=5926"},{"taxonomy":"product_cat","embeddable":true,"href":"https:\/\/expovero.com\/en\/wp-json\/wp\/v2\/product_cat?post=5926"},{"taxonomy":"product_tag","embeddable":true,"href":"https:\/\/expovero.com\/en\/wp-json\/wp\/v2\/product_tag?post=5926"}],"curies":[{"name":"wp","href":"https:\/\/api.w.org\/{rel}","templated":true}]}}