{"id":5884,"date":"2026-03-18T18:55:26","date_gmt":"2026-03-18T18:55:26","guid":{"rendered":"https:\/\/expovero.com\/?post_type=product&#038;p=5884"},"modified":"2026-03-31T16:52:25","modified_gmt":"2026-03-31T16:52:25","slug":"brut-d-argent-chardonnay","status":"publish","type":"product","link":"https:\/\/expovero.com\/en\/product\/brut-d-argent-chardonnay\/","title":{"rendered":"Brut d Argent Chardonnay"},"content":{"rendered":"<h2 data-ogsc=\"rgb(17, 17, 17)\" data-olk-copy-source=\"MessageBody\">Brut Dargent Chardonnay Blanc de Blancs &#8211; die reine Eleganz!<\/h2>\n<p data-ogsc=\"rgb(17, 17, 17)\"><span data-ogsc=\"\">Brut Dargent Chardonnay Blanc de Blancs<\/span>\u00a0ist\u00a0ein franz\u00f6sischer Sekt, der\u00a0aus der Rebsorte Chardonnay in Flascheng\u00e4rung bereitet wurde, nach der sogenannten M\u00e9thode Traditionnelle. Er begeistert durch seine feinperlige und spritzige Art, wobei der trockene Charakter des Brut Dargent Chardonnay Blanc de Blancs\u00a0die Eleganz des Chardonnays nicht \u00fcberdeckt, sondern\u00a0erst so richtig zum\u00a0Vorschein bringt.<\/p>\n<p data-ogsc=\"rgb(17, 17, 17)\">So ist der Brut Dargent Chardonnay Blanc de Blancs ein\u00a0phantastischer\u00a0Chardonnay-Sekt zu einem sehr fairen Preis. Er f\u00fchrt die feinen Aromen von Melonen und \u00fcberreifen Stachelbeeren, taucht dabei ein in eine geradezu exotische Charakteristik voller tropischer Nuancen. Seine ausdauernde, angenehme\u00a0Perlage erfrischt und f\u00fchrt in einen belebenden Abgang mit andauerndem Nachhall.<\/p>\n<p data-ogsc=\"rgb(17, 17, 17)\">Der\u00a0<a title=\"https:\/\/wein-schaepers.de\/brut-dargent\/\" href=\"https:\/\/wein-schaepers.de\/brut-dargent\/\" data-auth=\"NotApplicable\" data-linkindex=\"10\" data-ogsc=\"rgb(71, 0, 0)\">Brut Dargent<\/a>\u00a0Chardonnay Blanc de Blancs harmoniert sehr gut mit der milden veganen K\u00fcche. Ebenso schmeckt er zu Meeresfr\u00fcchten und zu Desserts und Kuchen. Und nat\u00fcrlich haben wir mit diesem Tropfen ein feines Begr\u00fc\u00dfungsgetr\u00e4nk und einen tollen Aperitif f\u00fcr jegliche festliche Anl\u00e4sse.<\/p>","protected":false},"excerpt":{"rendered":"<p>Brut Dargent Chardonnay Blanc de Blancs &#8211; die reine Eleganz! Brut Dargent Chardonnay Blanc de Blancs\u00a0ist\u00a0ein franz\u00f6sischer Sekt, der\u00a0aus der Rebsorte Chardonnay in Flascheng\u00e4rung bereitet wurde, nach der sogenannten M\u00e9thode Traditionnelle. Er begeistert durch seine feinperlige und spritzige Art, wobei der trockene Charakter des Brut Dargent Chardonnay Blanc de Blancs\u00a0die Eleganz des Chardonnays nicht \u00fcberdeckt, [&hellip;]<\/p>\n","protected":false},"featured_media":9507,"template":"","meta":{"content-type":""},"product_brand":[],"product_cat":[54,147],"product_tag":[],"class_list":{"0":"post-5884","1":"product","2":"type-product","3":"status-publish","4":"has-post-thumbnail","6":"product_cat-getranke","7":"product_cat-sekt","9":"first","10":"instock","11":"taxable","12":"shipping-taxable","13":"purchasable","14":"product-type-simple"},"_links":{"self":[{"href":"https:\/\/expovero.com\/en\/wp-json\/wp\/v2\/product\/5884","targetHints":{"allow":["GET"]}}],"collection":[{"href":"https:\/\/expovero.com\/en\/wp-json\/wp\/v2\/product"}],"about":[{"href":"https:\/\/expovero.com\/en\/wp-json\/wp\/v2\/types\/product"}],"wp:featuredmedia":[{"embeddable":true,"href":"https:\/\/expovero.com\/en\/wp-json\/wp\/v2\/media\/9507"}],"wp:attachment":[{"href":"https:\/\/expovero.com\/en\/wp-json\/wp\/v2\/media?parent=5884"}],"wp:term":[{"taxonomy":"product_brand","embeddable":true,"href":"https:\/\/expovero.com\/en\/wp-json\/wp\/v2\/product_brand?post=5884"},{"taxonomy":"product_cat","embeddable":true,"href":"https:\/\/expovero.com\/en\/wp-json\/wp\/v2\/product_cat?post=5884"},{"taxonomy":"product_tag","embeddable":true,"href":"https:\/\/expovero.com\/en\/wp-json\/wp\/v2\/product_tag?post=5884"}],"curies":[{"name":"wp","href":"https:\/\/api.w.org\/{rel}","templated":true}]}}