{"id":5656,"date":"2026-03-18T09:58:57","date_gmt":"2026-03-18T09:58:57","guid":{"rendered":"https:\/\/expovero.com\/?post_type=product&#038;p=5656"},"modified":"2026-04-08T17:27:24","modified_gmt":"2026-04-08T17:27:24","slug":"variation-italien","status":"publish","type":"product","link":"https:\/\/expovero.com\/en\/product\/variation-italien\/","title":{"rendered":"Variation Italien"},"content":{"rendered":"<ul>\n<li>10 Tiramisu<\/li>\n<li>10 Panna Cotta<\/li>\n<li>10 Tartufo Nero<\/li>\n<li>10 Cannoli<\/li>\n<li>10 Ricotta T\u00f6rtchen mit Fr\u00fcchten<\/li>\n<li>10 Espresso Panna Cotta<br \/>\n60 St\u00fcck<\/li>\n<\/ul>","protected":false},"excerpt":{"rendered":"<p>10 Tiramisu 10 Panna Cotta 10 Tartufo Nero 10 Cannoli 10 Ricotta T\u00f6rtchen mit Fr\u00fcchten 10 Espresso Panna Cotta 60 St\u00fcck<\/p>","protected":false},"featured_media":5654,"template":"","meta":{"content-type":""},"product_brand":[],"product_cat":[114,204,49],"product_tag":[],"class_list":{"0":"post-5656","1":"product","2":"type-product","3":"status-publish","4":"has-post-thumbnail","6":"product_cat-dessert-variationen-standcatering","7":"product_cat-desserts","8":"product_cat-standcatering","10":"first","11":"instock","12":"taxable","13":"shipping-taxable","14":"purchasable","15":"product-type-simple"},"_links":{"self":[{"href":"https:\/\/expovero.com\/en\/wp-json\/wp\/v2\/product\/5656","targetHints":{"allow":["GET"]}}],"collection":[{"href":"https:\/\/expovero.com\/en\/wp-json\/wp\/v2\/product"}],"about":[{"href":"https:\/\/expovero.com\/en\/wp-json\/wp\/v2\/types\/product"}],"wp:featuredmedia":[{"embeddable":true,"href":"https:\/\/expovero.com\/en\/wp-json\/wp\/v2\/media\/5654"}],"wp:attachment":[{"href":"https:\/\/expovero.com\/en\/wp-json\/wp\/v2\/media?parent=5656"}],"wp:term":[{"taxonomy":"product_brand","embeddable":true,"href":"https:\/\/expovero.com\/en\/wp-json\/wp\/v2\/product_brand?post=5656"},{"taxonomy":"product_cat","embeddable":true,"href":"https:\/\/expovero.com\/en\/wp-json\/wp\/v2\/product_cat?post=5656"},{"taxonomy":"product_tag","embeddable":true,"href":"https:\/\/expovero.com\/en\/wp-json\/wp\/v2\/product_tag?post=5656"}],"curies":[{"name":"wp","href":"https:\/\/api.w.org\/{rel}","templated":true}]}}