{"id":5655,"date":"2026-03-18T09:58:23","date_gmt":"2026-03-18T09:58:23","guid":{"rendered":"https:\/\/expovero.com\/?post_type=product&#038;p=5655"},"modified":"2026-04-08T17:27:15","modified_gmt":"2026-04-08T17:27:15","slug":"variation-deutsch","status":"publish","type":"product","link":"https:\/\/expovero.com\/en\/product\/variation-deutsch\/","title":{"rendered":"Variation Deutsch"},"content":{"rendered":"<ul>\n<li>10 Rote Gr\u00fctze mit Vanillesauce<\/li>\n<li>10 Kaiserschmarrn<\/li>\n<li>10 Schwarzw\u00e4lderkirscht\u00f6rtchen<\/li>\n<li>10 Apfelstrudel mit Vanillesauce<\/li>\n<li>10 Bayrische Creme<\/li>\n<li>10 Dreierlei der G\u00f6tterspeise<br \/>\n60 St\u00fcck<\/li>\n<\/ul>","protected":false},"excerpt":{"rendered":"<p>10 Rote Gr\u00fctze mit Vanillesauce 10 Kaiserschmarrn 10 Schwarzw\u00e4lderkirscht\u00f6rtchen 10 Apfelstrudel mit Vanillesauce 10 Bayrische Creme 10 Dreierlei der G\u00f6tterspeise 60 St\u00fcck<\/p>","protected":false},"featured_media":5654,"template":"","meta":{"content-type":""},"product_brand":[],"product_cat":[114,204,49],"product_tag":[],"class_list":{"0":"post-5655","1":"product","2":"type-product","3":"status-publish","4":"has-post-thumbnail","6":"product_cat-dessert-variationen-standcatering","7":"product_cat-desserts","8":"product_cat-standcatering","10":"first","11":"instock","12":"taxable","13":"shipping-taxable","14":"purchasable","15":"product-type-simple"},"_links":{"self":[{"href":"https:\/\/expovero.com\/en\/wp-json\/wp\/v2\/product\/5655","targetHints":{"allow":["GET"]}}],"collection":[{"href":"https:\/\/expovero.com\/en\/wp-json\/wp\/v2\/product"}],"about":[{"href":"https:\/\/expovero.com\/en\/wp-json\/wp\/v2\/types\/product"}],"wp:featuredmedia":[{"embeddable":true,"href":"https:\/\/expovero.com\/en\/wp-json\/wp\/v2\/media\/5654"}],"wp:attachment":[{"href":"https:\/\/expovero.com\/en\/wp-json\/wp\/v2\/media?parent=5655"}],"wp:term":[{"taxonomy":"product_brand","embeddable":true,"href":"https:\/\/expovero.com\/en\/wp-json\/wp\/v2\/product_brand?post=5655"},{"taxonomy":"product_cat","embeddable":true,"href":"https:\/\/expovero.com\/en\/wp-json\/wp\/v2\/product_cat?post=5655"},{"taxonomy":"product_tag","embeddable":true,"href":"https:\/\/expovero.com\/en\/wp-json\/wp\/v2\/product_tag?post=5655"}],"curies":[{"name":"wp","href":"https:\/\/api.w.org\/{rel}","templated":true}]}}