{"id":5653,"date":"2026-03-18T09:57:48","date_gmt":"2026-03-18T09:57:48","guid":{"rendered":"https:\/\/expovero.com\/?post_type=product&#038;p=5653"},"modified":"2026-04-08T17:27:06","modified_gmt":"2026-04-08T17:27:06","slug":"variation-deli","status":"publish","type":"product","link":"https:\/\/expovero.com\/en\/product\/variation-deli\/","title":{"rendered":"Variation Deli"},"content":{"rendered":"<ul>\n<li>10 Apfelcrumble mit Vanillecreme<\/li>\n<li>10 T\u00fcrkischer Joghurt mit Pistazien<\/li>\n<li>10 Schokomousse mit Maracuja<\/li>\n<li>10 Milchreis mit Kirschen<\/li>\n<li>10 Zitronent\u00f6rtchen<\/li>\n<li>10 Vanillecreme mit Mangomousse<br \/>\n60 St\u00fcck<\/li>\n<\/ul>","protected":false},"excerpt":{"rendered":"<p>10 Apfelcrumble mit Vanillecreme 10 T\u00fcrkischer Joghurt mit Pistazien 10 Schokomousse mit Maracuja 10 Milchreis mit Kirschen 10 Zitronent\u00f6rtchen 10 Vanillecreme mit Mangomousse 60 St\u00fcck<\/p>","protected":false},"featured_media":5654,"template":"","meta":{"content-type":""},"product_brand":[],"product_cat":[114,204,49],"product_tag":[],"class_list":{"0":"post-5653","1":"product","2":"type-product","3":"status-publish","4":"has-post-thumbnail","6":"product_cat-dessert-variationen-standcatering","7":"product_cat-desserts","8":"product_cat-standcatering","10":"first","11":"instock","12":"taxable","13":"shipping-taxable","14":"purchasable","15":"product-type-simple"},"_links":{"self":[{"href":"https:\/\/expovero.com\/en\/wp-json\/wp\/v2\/product\/5653","targetHints":{"allow":["GET"]}}],"collection":[{"href":"https:\/\/expovero.com\/en\/wp-json\/wp\/v2\/product"}],"about":[{"href":"https:\/\/expovero.com\/en\/wp-json\/wp\/v2\/types\/product"}],"wp:featuredmedia":[{"embeddable":true,"href":"https:\/\/expovero.com\/en\/wp-json\/wp\/v2\/media\/5654"}],"wp:attachment":[{"href":"https:\/\/expovero.com\/en\/wp-json\/wp\/v2\/media?parent=5653"}],"wp:term":[{"taxonomy":"product_brand","embeddable":true,"href":"https:\/\/expovero.com\/en\/wp-json\/wp\/v2\/product_brand?post=5653"},{"taxonomy":"product_cat","embeddable":true,"href":"https:\/\/expovero.com\/en\/wp-json\/wp\/v2\/product_cat?post=5653"},{"taxonomy":"product_tag","embeddable":true,"href":"https:\/\/expovero.com\/en\/wp-json\/wp\/v2\/product_tag?post=5653"}],"curies":[{"name":"wp","href":"https:\/\/api.w.org\/{rel}","templated":true}]}}