{"id":5647,"date":"2026-03-18T09:51:31","date_gmt":"2026-03-18T09:51:31","guid":{"rendered":"https:\/\/expovero.com\/?post_type=product&#038;p=5647"},"modified":"2026-03-18T09:51:32","modified_gmt":"2026-03-18T09:51:32","slug":"gran-latissima","status":"publish","type":"product","link":"https:\/\/expovero.com\/en\/product\/gran-latissima\/","title":{"rendered":"Gran Latissima"},"content":{"rendered":"<p class=\"title\">ENERGIESPARMODUS: Automatische Power-Off Funktion nach 9 Minuten<\/p>\n<p class=\"title\">SCHNELLE AUFHEIZDAUER: \u00a018 Sekunden f\u00fcr Kaffee + 15 Sekunden f\u00fcr Rezepte<\/p>\n<p class=\"title\">ABNEHMBARER WASSERTANK: 1,3 l<\/p>\n<p class=\"title\">ABNEHMBARER MILCHBEH\u00c4LTER: 0,5 l<\/p>\n<p class=\"title\">FASSUNGVERM\u00d6GEN KAPSELBEH\u00c4LTER: \u00a010-14 Kapseln<\/p>\n<p class=\"title\">ABMESSUNGEN (B X T X H): \u00a0203 x 367 x 276 mm<\/p>","protected":false},"excerpt":{"rendered":"<p>ENERGIESPARMODUS: Automatische Power-Off Funktion nach 9 Minuten SCHNELLE AUFHEIZDAUER: \u00a018 Sekunden f\u00fcr Kaffee + 15 Sekunden f\u00fcr Rezepte ABNEHMBARER WASSERTANK: 1,3 l ABNEHMBARER MILCHBEH\u00c4LTER: 0,5 l FASSUNGVERM\u00d6GEN KAPSELBEH\u00c4LTER: \u00a010-14 Kapseln ABMESSUNGEN (B X T X H): \u00a0203 x 367 x 276 mm<\/p>","protected":false},"featured_media":5648,"template":"","meta":{"content-type":""},"product_brand":[],"product_cat":[53,142],"product_tag":[],"class_list":{"0":"post-5647","1":"product","2":"type-product","3":"status-publish","4":"has-post-thumbnail","6":"product_cat-kaffeemaschinen","7":"product_cat-nespresso","9":"first","10":"instock","11":"taxable","12":"shipping-taxable","13":"purchasable","14":"product-type-simple"},"_links":{"self":[{"href":"https:\/\/expovero.com\/en\/wp-json\/wp\/v2\/product\/5647","targetHints":{"allow":["GET"]}}],"collection":[{"href":"https:\/\/expovero.com\/en\/wp-json\/wp\/v2\/product"}],"about":[{"href":"https:\/\/expovero.com\/en\/wp-json\/wp\/v2\/types\/product"}],"wp:featuredmedia":[{"embeddable":true,"href":"https:\/\/expovero.com\/en\/wp-json\/wp\/v2\/media\/5648"}],"wp:attachment":[{"href":"https:\/\/expovero.com\/en\/wp-json\/wp\/v2\/media?parent=5647"}],"wp:term":[{"taxonomy":"product_brand","embeddable":true,"href":"https:\/\/expovero.com\/en\/wp-json\/wp\/v2\/product_brand?post=5647"},{"taxonomy":"product_cat","embeddable":true,"href":"https:\/\/expovero.com\/en\/wp-json\/wp\/v2\/product_cat?post=5647"},{"taxonomy":"product_tag","embeddable":true,"href":"https:\/\/expovero.com\/en\/wp-json\/wp\/v2\/product_tag?post=5647"}],"curies":[{"name":"wp","href":"https:\/\/api.w.org\/{rel}","templated":true}]}}