{"id":5574,"date":"2026-03-17T18:40:24","date_gmt":"2026-03-17T18:40:24","guid":{"rendered":"https:\/\/expovero.com\/?post_type=product&#038;p=5574"},"modified":"2026-03-17T18:40:24","modified_gmt":"2026-03-17T18:40:24","slug":"filterkaffeemaschine-contessa-duo","status":"publish","type":"product","link":"https:\/\/expovero.com\/en\/product\/filterkaffeemaschine-contessa-duo\/","title":{"rendered":"Filterkaffeemaschine Contessa Duo"},"content":{"rendered":"<ul>\n<li>Breite 430 mm<br \/>\nTiefe 400 mm<br \/>\nH\u00f6he 520 mm<br \/>\nGewicht 14,3 kg<\/li>\n<li>Inhalt Kanne 2 Liter<\/li>\n<li>Aufbr\u00fchzeit 8 Minuten f\u00fcr 2 Liter<br \/>\nLeistung max. 2 x 13 Tassen<\/li>\n<li>Anschlusswert 2,8 kW<br \/>\nSpannung \u2013 WEEE-Registrierungsnummer 230 V \u2013 DE 27256797<br \/>\nFrequenz 50\/60 Hz<\/li>\n<\/ul>","protected":false},"excerpt":{"rendered":"<p>Breite 430 mm Tiefe 400 mm H\u00f6he 520 mm Gewicht 14,3 kg Inhalt Kanne 2 Liter Aufbr\u00fchzeit 8 Minuten f\u00fcr 2 Liter Leistung max. 2 x 13 Tassen Anschlusswert 2,8 kW Spannung \u2013 WEEE-Registrierungsnummer 230 V \u2013 DE 27256797 Frequenz 50\/60 Hz<\/p>","protected":false},"featured_media":5575,"template":"","meta":{"content-type":""},"product_brand":[],"product_cat":[139,53],"product_tag":[],"class_list":{"0":"post-5574","1":"product","2":"type-product","3":"status-publish","4":"has-post-thumbnail","6":"product_cat-filterkaffeemaschinen","7":"product_cat-kaffeemaschinen","9":"first","10":"instock","11":"taxable","12":"shipping-taxable","13":"purchasable","14":"product-type-simple"},"_links":{"self":[{"href":"https:\/\/expovero.com\/en\/wp-json\/wp\/v2\/product\/5574","targetHints":{"allow":["GET"]}}],"collection":[{"href":"https:\/\/expovero.com\/en\/wp-json\/wp\/v2\/product"}],"about":[{"href":"https:\/\/expovero.com\/en\/wp-json\/wp\/v2\/types\/product"}],"wp:featuredmedia":[{"embeddable":true,"href":"https:\/\/expovero.com\/en\/wp-json\/wp\/v2\/media\/5575"}],"wp:attachment":[{"href":"https:\/\/expovero.com\/en\/wp-json\/wp\/v2\/media?parent=5574"}],"wp:term":[{"taxonomy":"product_brand","embeddable":true,"href":"https:\/\/expovero.com\/en\/wp-json\/wp\/v2\/product_brand?post=5574"},{"taxonomy":"product_cat","embeddable":true,"href":"https:\/\/expovero.com\/en\/wp-json\/wp\/v2\/product_cat?post=5574"},{"taxonomy":"product_tag","embeddable":true,"href":"https:\/\/expovero.com\/en\/wp-json\/wp\/v2\/product_tag?post=5574"}],"curies":[{"name":"wp","href":"https:\/\/api.w.org\/{rel}","templated":true}]}}